{"id":1555,"date":"2025-07-24T10:22:55","date_gmt":"2025-07-24T08:22:55","guid":{"rendered":"https:\/\/konference.unob.cz\/matedas\/?page_id=1555"},"modified":"2026-05-04T17:14:31","modified_gmt":"2026-05-04T15:14:31","slug":"matedas2026","status":"publish","type":"page","link":"https:\/\/konference.unob.cz\/matedas\/","title":{"rendered":"matedas2026"},"content":{"rendered":"\t\t<div data-elementor-type=\"wp-page\" data-elementor-id=\"1555\" class=\"elementor elementor-1555\">\n\t\t\t\t<div class=\"elementor-element elementor-element-002d805 e-flex e-con-boxed e-con e-parent\" data-id=\"002d805\" data-element_type=\"container\" data-e-type=\"container\">\n\t\t\t\t\t<div class=\"e-con-inner\">\n\t\t<div class=\"elementor-element elementor-element-9a1edbf e-grid e-con-full e-con e-child\" data-id=\"9a1edbf\" data-element_type=\"container\" data-e-type=\"container\">\n\t\t<div class=\"elementor-element elementor-element-13d9c77 e-con-full e-flex e-con e-child\" data-id=\"13d9c77\" data-element_type=\"container\" data-e-type=\"container\">\n\t\t\t\t<div class=\"elementor-element elementor-element-d2d4238 elementor-widget-tablet__width-initial elementor-widget elementor-widget-ekit-nav-menu\" data-id=\"d2d4238\" data-element_type=\"widget\" data-e-type=\"widget\" data-widget_type=\"ekit-nav-menu.default\">\n\t\t\t\t<div class=\"elementor-widget-container\">\n\t\t\t\t\t\t\t<nav class=\"ekit-wid-con ekit_menu_responsive_mobile\"\n\t\t\tdata-hamburger-icon=\"\"\n\t\t\tdata-hamburger-icon-type=\"icon\"\n\t\t\tdata-responsive-breakpoint=\"767\">\n\t\t\t            <button class=\"elementskit-menu-hamburger elementskit-menu-toggler\"  type=\"button\" aria-label=\"hamburger-icon\">\n                                    <span class=\"elementskit-menu-hamburger-icon\"><\/span><span class=\"elementskit-menu-hamburger-icon\"><\/span><span class=\"elementskit-menu-hamburger-icon\"><\/span>\n                            <\/button>\n            <div id=\"ekit-megamenu-matedas2026-cz\" class=\"elementskit-menu-container elementskit-menu-offcanvas-elements elementskit-navbar-nav-default ekit-nav-menu-one-page-no ekit-nav-dropdown-hover\"><ul id=\"menu-matedas2026-cz\" class=\"elementskit-navbar-nav elementskit-menu-po-left submenu-click-on-icon\"><li id=\"menu-item-1573\" class=\"menu-item menu-item-type-post_type menu-item-object-page menu-item-home menu-item-1573 nav-item elementskit-mobile-builder-content\" data-vertical-menu=750px><a href=\"https:\/\/konference.unob.cz\/matedas\/\" class=\"ekit-menu-nav-link\">\u00davod<\/a><\/li>\n<li id=\"menu-item-1594\" class=\"menu-item menu-item-type-post_type menu-item-object-page menu-item-1594 nav-item elementskit-mobile-builder-content\" data-vertical-menu=750px><a href=\"https:\/\/konference.unob.cz\/matedas\/index.php\/2026-informace\/\" class=\"ekit-menu-nav-link\">Informace<\/a><\/li>\n<li id=\"menu-item-1649\" class=\"menu-item menu-item-type-post_type menu-item-object-page menu-item-1649 nav-item elementskit-mobile-builder-content\" data-vertical-menu=750px><a href=\"https:\/\/konference.unob.cz\/matedas\/index.php\/2026-program\/\" class=\"ekit-menu-nav-link\">Program<\/a><\/li>\n<li id=\"menu-item-1683\" class=\"menu-item menu-item-type-post_type menu-item-object-page menu-item-1683 nav-item elementskit-mobile-builder-content\" data-vertical-menu=750px><a href=\"https:\/\/konference.unob.cz\/matedas\/index.php\/2026-prispevky\/\" class=\"ekit-menu-nav-link\">P\u0159\u00edsp\u011bvky<\/a><\/li>\n<li id=\"menu-item-1664\" class=\"menu-item menu-item-type-post_type menu-item-object-page menu-item-1664 nav-item elementskit-mobile-builder-content\" data-vertical-menu=750px><a href=\"https:\/\/konference.unob.cz\/matedas\/index.php\/2026-registrace\/\" class=\"ekit-menu-nav-link\">Registrace<\/a><\/li>\n<li id=\"menu-item-1628\" class=\"menu-item menu-item-type-post_type menu-item-object-page menu-item-1628 nav-item elementskit-mobile-builder-content\" data-vertical-menu=750px><a href=\"https:\/\/konference.unob.cz\/matedas\/index.php\/2026-kontakt\/\" class=\"ekit-menu-nav-link\">Kontakt<\/a><\/li>\n<\/ul><div class=\"elementskit-nav-identity-panel\"><button class=\"elementskit-menu-close elementskit-menu-toggler\" type=\"button\">X<\/button><\/div><\/div>\n\t\t\t<div class=\"elementskit-menu-overlay elementskit-menu-offcanvas-elements elementskit-menu-toggler ekit-nav-menu--overlay\"><\/div>        <\/nav>\n\t\t\t\t\t\t<\/div>\n\t\t\t\t<\/div>\n\t\t\t\t<\/div>\n\t\t\t\t<\/div>\n\t\t\t\t\t<\/div>\n\t\t\t\t<\/div>\n\t\t<div class=\"elementor-element elementor-element-6f25a30d e-flex e-con-boxed e-con e-parent\" data-id=\"6f25a30d\" data-element_type=\"container\" data-e-type=\"container\">\n\t\t\t\t\t<div class=\"e-con-inner\">\n\t\t<div class=\"elementor-element elementor-element-defc145 e-con-full e-grid e-con e-child\" data-id=\"defc145\" data-element_type=\"container\" data-e-type=\"container\">\n\t\t<div class=\"elementor-element elementor-element-2223423 e-con-full e-flex e-con e-child\" data-id=\"2223423\" data-element_type=\"container\" data-e-type=\"container\">\n\t\t<div class=\"elementor-element elementor-element-072e87f e-con-full e-flex e-con e-child\" data-id=\"072e87f\" data-element_type=\"container\" data-e-type=\"container\">\n\t\t\t\t<div class=\"elementor-element elementor-element-6dc5e89 elementor-widget__width-inherit elementor-widget elementor-widget-text-editor\" data-id=\"6dc5e89\" data-element_type=\"widget\" data-e-type=\"widget\" data-widget_type=\"text-editor.default\">\n\t\t\t\t\t\t\t\t\t<h1>MaTeDaS 2026<\/h1><h3><strong><sup><span style=\"font-size: 24px;\">20<\/span>th<\/sup><\/strong> International Conference\u00a0<br \/>on Materials and Technologies for Defence and Security<\/h3><p>Po\u0159\u00e1dan\u00fd Katedrou stroj\u00edrenstv\u00ed Fakulty vojensk\u00fdch technologi\u00ed Univerzity obrany<\/p><h4>13.\u201315. kv\u011btna 2026<\/h4>\t\t\t\t\t\t\t\t<\/div>\n\t\t\t\t<\/div>\n\t\t\t\t<\/div>\n\t\t\t\t<\/div>\n\t\t\t\t\t<\/div>\n\t\t\t\t<\/div>\n\t\t<div class=\"elementor-element elementor-element-6c6bdb78 e-flex e-con-boxed e-con e-parent\" data-id=\"6c6bdb78\" data-element_type=\"container\" data-e-type=\"container\">\n\t\t\t\t\t<div class=\"e-con-inner\">\n\t\t<div class=\"elementor-element elementor-element-54b66a75 e-flex e-con-boxed e-con e-child\" data-id=\"54b66a75\" data-element_type=\"container\" data-e-type=\"container\">\n\t\t\t\t\t<div class=\"e-con-inner\">\n\t\t<div class=\"elementor-element elementor-element-a067365 e-con-full e-flex e-con e-child\" data-id=\"a067365\" data-element_type=\"container\" data-e-type=\"container\">\n\t\t\t\t<div class=\"elementor-element elementor-element-149a2e42 elementor-widget elementor-widget-text-editor\" data-id=\"149a2e42\" data-element_type=\"widget\" data-e-type=\"widget\" data-widget_type=\"text-editor.default\">\n\t\t\t\t\t\t\t\t\t<p>Dovolujeme si V\u00e1s srde\u010dn\u011b pozvat na <strong>20<sup>th<\/sup> International Conference on Materials and Technologies for Defense and Security<\/strong>, kter\u00e1 se uskute\u010dn\u00ed ve dnech <strong>13.\u201315. kv\u011btna 2026<\/strong> v Brn\u011b a v Lednici v \u010cesk\u00e9 republice.<\/p><p>Konference <strong data-start=\"11\" data-end=\"27\">MaTeDaS 2026<\/strong> je zam\u011b\u0159ena na problematiku materi\u00e1lov\u00e9ho in\u017een\u00fdrstv\u00ed a modern\u00edch technologi\u00ed v\u00fdroby speci\u00e1ln\u00ed techniky, s d\u016frazem na integraci teoretick\u00e9ho v\u00fdzkumu, experiment\u00e1ln\u00edho v\u00fdvoje a pr\u016fmyslov\u00e9 implementace. Poskytuje platformu pro odbornou v\u00fdm\u011bnu poznatk\u016f, prezentaci nejnov\u011bj\u0161\u00edch v\u00fdsledk\u016f v\u00fdzkumu a p\u0159ed\u00e1v\u00e1n\u00ed ov\u011b\u0159en\u00fdch zku\u0161enost\u00ed v oblasti inovac\u00ed, v\u00fdvoje a v\u00fdroby speci\u00e1ln\u00ed techniky, v\u010detn\u011b zaji\u0161t\u011bn\u00ed jej\u00ed jakosti. \u0158e\u0161en\u00ed aktu\u00e1ln\u00edch technick\u00fdch v\u00fdzev a sd\u00edlen\u00ed t\u011bchto zku\u0161enost\u00ed p\u0159isp\u00edv\u00e1 k dal\u0161\u00edmu pos\u00edlen\u00ed technick\u00e9 \u00farovn\u011b a spolehlivosti materi\u00e1ln\u00edho vybaven\u00ed Arm\u00e1dy \u010cesk\u00e9 republiky a z\u00e1rove\u0148 podporuje interoperabilitu s ostatn\u00edmi arm\u00e1dami NATO.<\/p><p><strong>Hlavn\u00ed tematick\u00e9 okruhy konference zahrnuj\u00ed:<\/strong><\/p><ul><li>Technologie v\u00a0oblasti bezpe\u010dnosti a obrany;<\/li><li>Aditivn\u00ed technologie;<\/li><li>Pokro\u010dil\u00e9 materi\u00e1ly a technologie;<\/li><li>Biokompatibiln\u00ed materi\u00e1ly.<\/li><\/ul><p>Sou\u010d\u00e1st\u00ed programu budou plen\u00e1rn\u00ed p\u0159edn\u00e1\u0161ky p\u0159edn\u00edch odborn\u00edk\u016f, tematick\u00e9 sekce, posterov\u00e1 sekce a diskusn\u00ed panely zam\u011b\u0159en\u00e9 na aktu\u00e1ln\u00ed v\u00fdzvy i budouc\u00ed sm\u011bry v\u00fdvoje.<\/p><p>Hlavn\u00edm m\u00edstem kon\u00e1n\u00ed konference bude <strong>Katedra stroj\u00edrenstv\u00ed Fakulty vojensk\u00fdch technologi\u00ed Univerzity obrany<\/strong>. Konference bude d\u00e1le pokra\u010dovat v <strong>Z\u00e1meck\u00e9m hotelu Lednice, Lednicko-valtick\u00e9ho are\u00e1lu<\/strong>, zapsan\u00e9ho na seznamu sv\u011btov\u00e9ho d\u011bdictv\u00ed UNESCO.\u00a0<\/p><p>V\u0161em \u00fa\u010dastn\u00edk\u016fm konference MaTeDaS 2026, v\u010detn\u011b z\u00e1stupc\u016f v\u00fdznamn\u00fdch spole\u010dnost\u00ed a partner\u016f, d\u011bkujeme za V\u00e1\u0161 z\u00e1jem a aktivn\u00ed \u00fa\u010dast. P\u0159ejeme V\u00e1m inspirativn\u00ed setk\u00e1n\u00ed, zaj\u00edmav\u00e9 odborn\u00e9 diskuse a p\u0159\u00edjemn\u011b str\u00e1ven\u00fd \u010das v historick\u00fdch i modern\u00edch lokalit\u00e1ch Brna a Lednice.<\/p>\t\t\t\t\t\t\t\t<\/div>\n\t\t\t\t<\/div>\n\t\t<div class=\"elementor-element elementor-element-7c32cb9b e-grid e-con-full e-con e-child\" data-id=\"7c32cb9b\" data-element_type=\"container\" data-e-type=\"container\">\n\t\t<div class=\"elementor-element elementor-element-d7e5bd6 e-con-full e-flex e-con e-child\" data-id=\"d7e5bd6\" data-element_type=\"container\" data-e-type=\"container\">\n\t\t\t\t<div class=\"elementor-element elementor-element-0c8d7d8 elementor-widget elementor-widget-elementskit-heading\" data-id=\"0c8d7d8\" data-element_type=\"widget\" data-e-type=\"widget\" data-widget_type=\"elementskit-heading.default\">\n\t\t\t\t\t<div class=\"ekit-wid-con\" ><div class=\"ekit-heading elementskit-section-title-wraper text_left   ekit_heading_tablet-   ekit_heading_mobile-\"><h5 class=\"ekit-heading--subtitle elementskit-section-subtitle  elementskit-style-border\">\n\t\t\t\t\t\tKomu je konference ur\u010den\u00e1:\n\t\t\t\t\t<\/h5><\/div><\/div>\t\t\t\t<\/div>\n\t\t\t\t<div class=\"elementor-element elementor-element-3491859 elementor-widget elementor-widget-text-editor\" data-id=\"3491859\" data-element_type=\"widget\" data-e-type=\"widget\" data-widget_type=\"text-editor.default\">\n\t\t\t\t\t\t\t\t\t<ul><li>V\u011bdeck\u00fdm pracovn\u00edk\u016fm;<\/li><li>Student\u016fm univerzit;<\/li><li>Pracovn\u00edk\u016fm kritick\u00e9 infrastruktury a obrann\u00e9ho pr\u016fmyslu;<\/li><li>Slo\u017ek\u00e1m IZS;<\/li><li>P\u0159\u00edslu\u0161n\u00edk\u016fm A\u010cR;<\/li><li>Dal\u0161\u00ed odborn\u00e9 ve\u0159ejnosti.<\/li><\/ul>\t\t\t\t\t\t\t\t<\/div>\n\t\t\t\t<\/div>\n\t\t<div class=\"elementor-element elementor-element-1b9b03b e-con-full e-flex e-con e-child\" data-id=\"1b9b03b\" data-element_type=\"container\" data-e-type=\"container\">\n\t\t\t\t<div class=\"elementor-element elementor-element-78b73b9 elementor-widget elementor-widget-elementskit-heading\" data-id=\"78b73b9\" data-element_type=\"widget\" data-e-type=\"widget\" data-widget_type=\"elementskit-heading.default\">\n\t\t\t\t\t<div class=\"ekit-wid-con\" ><div class=\"ekit-heading elementskit-section-title-wraper text_left   ekit_heading_tablet-   ekit_heading_mobile-\"><h5 class=\"ekit-heading--subtitle elementskit-section-subtitle  elementskit-style-border\">\n\t\t\t\t\t\tJak\u00e9 oblasti budou prezentov\u00e1ny:\n\t\t\t\t\t<\/h5><\/div><\/div>\t\t\t\t<\/div>\n\t\t\t\t<div class=\"elementor-element elementor-element-feae5b0 elementor-widget elementor-widget-text-editor\" data-id=\"feae5b0\" data-element_type=\"widget\" data-e-type=\"widget\" data-widget_type=\"text-editor.default\">\n\t\t\t\t\t\t\t\t\t<ul><li>Obecn\u00e9 probl\u00e9my;<\/li><li>Opat\u0159en\u00ed;<\/li><li>Zabezpe\u010den\u00ed;<\/li><li>P\u0159\u00edstrojov\u00e9 vybaven\u00ed.\u00a0<\/li><\/ul>\t\t\t\t\t\t\t\t<\/div>\n\t\t\t\t<\/div>\n\t\t\t\t<\/div>\n\t\t\t\t\t<\/div>\n\t\t\t\t<\/div>\n\t\t\t\t\t<\/div>\n\t\t\t\t<\/div>\n\t\t<div class=\"elementor-element elementor-element-4c2f1e0 e-grid e-con-boxed e-con e-parent\" data-id=\"4c2f1e0\" data-element_type=\"container\" data-e-type=\"container\">\n\t\t\t\t\t<div class=\"e-con-inner\">\n\t\t<div class=\"elementor-element elementor-element-0c34578 e-con-full e-flex e-con e-child\" data-id=\"0c34578\" data-element_type=\"container\" data-e-type=\"container\">\n\t\t\t\t<div class=\"elementor-element elementor-element-729e799 elementor-align-center elementor-widget elementor-widget-button\" data-id=\"729e799\" data-element_type=\"widget\" data-e-type=\"widget\" data-widget_type=\"button.default\">\n\t\t\t\t\t\t\t\t\t\t<a class=\"elementor-button elementor-button-link elementor-size-sm\" href=\"https:\/\/konference.unob.cz\/matedas\/index.php\/2026-informace\/\">\n\t\t\t\t\t\t<span class=\"elementor-button-content-wrapper\">\n\t\t\t\t\t\t\t\t\t<span class=\"elementor-button-text\">Informace<\/span>\n\t\t\t\t\t<\/span>\n\t\t\t\t\t<\/a>\n\t\t\t\t\t\t\t\t<\/div>\n\t\t\t\t<\/div>\n\t\t<div class=\"elementor-element elementor-element-c5999e2 e-con-full e-flex e-con e-child\" data-id=\"c5999e2\" data-element_type=\"container\" data-e-type=\"container\">\n\t\t\t\t<div class=\"elementor-element elementor-element-606e587 elementor-align-center elementor-widget elementor-widget-button\" data-id=\"606e587\" data-element_type=\"widget\" data-e-type=\"widget\" data-widget_type=\"button.default\">\n\t\t\t\t\t\t\t\t\t\t<a class=\"elementor-button elementor-button-link elementor-size-sm\" href=\"https:\/\/konference.unob.cz\/matedas\/index.php\/2026-program\/\">\n\t\t\t\t\t\t<span class=\"elementor-button-content-wrapper\">\n\t\t\t\t\t\t\t\t\t<span class=\"elementor-button-text\">Program<\/span>\n\t\t\t\t\t<\/span>\n\t\t\t\t\t<\/a>\n\t\t\t\t\t\t\t\t<\/div>\n\t\t\t\t<\/div>\n\t\t<div class=\"elementor-element elementor-element-9dd91ea e-con-full e-flex e-con e-child\" data-id=\"9dd91ea\" data-element_type=\"container\" data-e-type=\"container\">\n\t\t\t\t<div class=\"elementor-element elementor-element-4a2dca0 elementor-align-center elementor-widget elementor-widget-button\" data-id=\"4a2dca0\" data-element_type=\"widget\" data-e-type=\"widget\" data-widget_type=\"button.default\">\n\t\t\t\t\t\t\t\t\t\t<a class=\"elementor-button elementor-button-link elementor-size-sm\" href=\"https:\/\/konference.unob.cz\/matedas\/index.php\/2026-registrace\/\">\n\t\t\t\t\t\t<span class=\"elementor-button-content-wrapper\">\n\t\t\t\t\t\t\t\t\t<span class=\"elementor-button-text\">Registrace<\/span>\n\t\t\t\t\t<\/span>\n\t\t\t\t\t<\/a>\n\t\t\t\t\t\t\t\t<\/div>\n\t\t\t\t<\/div>\n\t\t\t\t\t<\/div>\n\t\t\t\t<\/div>\n\t\t\t\t<\/div>\n\t\t","protected":false},"excerpt":{"rendered":"<p>\u00davod Informace Program P\u0159\u00edsp\u011bvky Registrace Kontakt X MaTeDaS 2026 20th International Conference\u00a0on Materials and Technologies for Defence and Security Po\u0159\u00e1dan\u00fd Katedrou stroj\u00edrenstv\u00ed Fakulty vojensk\u00fdch technologi\u00ed Univerzity obrany 13.\u201315. kv\u011btna 2026 Dovolujeme si V\u00e1s srde\u010dn\u011b pozvat na 20th International Conference on Materials and Technologies for Defense and Security, kter\u00e1 se uskute\u010dn\u00ed ve dnech 13.\u201315. kv\u011btna 2026&#8230;<\/p>\n","protected":false},"author":1,"featured_media":0,"parent":0,"menu_order":0,"comment_status":"closed","ping_status":"closed","template":"","meta":{"_kad_post_transparent":"","_kad_post_title":"hide","_kad_post_layout":"fullwidth","_kad_post_sidebar_id":"","_kad_post_content_style":"unboxed","_kad_post_vertical_padding":"hide","_kad_post_feature":"hide","_kad_post_feature_position":"","_kad_post_header":false,"_kad_post_footer":false,"_kad_post_classname":"","footnotes":""},"class_list":["post-1555","page","type-page","status-publish","hentry"],"_links":{"self":[{"href":"https:\/\/konference.unob.cz\/matedas\/index.php\/wp-json\/wp\/v2\/pages\/1555","targetHints":{"allow":["GET"]}}],"collection":[{"href":"https:\/\/konference.unob.cz\/matedas\/index.php\/wp-json\/wp\/v2\/pages"}],"about":[{"href":"https:\/\/konference.unob.cz\/matedas\/index.php\/wp-json\/wp\/v2\/types\/page"}],"author":[{"embeddable":true,"href":"https:\/\/konference.unob.cz\/matedas\/index.php\/wp-json\/wp\/v2\/users\/1"}],"replies":[{"embeddable":true,"href":"https:\/\/konference.unob.cz\/matedas\/index.php\/wp-json\/wp\/v2\/comments?post=1555"}],"version-history":[{"count":53,"href":"https:\/\/konference.unob.cz\/matedas\/index.php\/wp-json\/wp\/v2\/pages\/1555\/revisions"}],"predecessor-version":[{"id":2251,"href":"https:\/\/konference.unob.cz\/matedas\/index.php\/wp-json\/wp\/v2\/pages\/1555\/revisions\/2251"}],"wp:attachment":[{"href":"https:\/\/konference.unob.cz\/matedas\/index.php\/wp-json\/wp\/v2\/media?parent=1555"}],"curies":[{"name":"wp","href":"https:\/\/api.w.org\/{rel}","templated":true}]}}