{"id":1644,"date":"2025-07-24T12:38:04","date_gmt":"2025-07-24T10:38:04","guid":{"rendered":"https:\/\/konference.unob.cz\/matedas\/?page_id=1644"},"modified":"2025-10-07T07:30:27","modified_gmt":"2025-10-07T05:30:27","slug":"2026-program","status":"publish","type":"page","link":"https:\/\/konference.unob.cz\/matedas\/index.php\/2026-program\/","title":{"rendered":"2026-program"},"content":{"rendered":"\t\t<div data-elementor-type=\"wp-page\" data-elementor-id=\"1644\" class=\"elementor elementor-1644\">\n\t\t\t\t<div class=\"elementor-element elementor-element-f22c402 e-flex e-con-boxed e-con e-parent\" data-id=\"f22c402\" data-element_type=\"container\" data-e-type=\"container\">\n\t\t\t\t\t<div class=\"e-con-inner\">\n\t\t<div class=\"elementor-element elementor-element-b2ab62c e-grid e-con-boxed e-con e-child\" data-id=\"b2ab62c\" data-element_type=\"container\" data-e-type=\"container\">\n\t\t\t\t\t<div class=\"e-con-inner\">\n\t\t<div class=\"elementor-element elementor-element-8ec25d9 e-con-full e-flex e-con e-child\" data-id=\"8ec25d9\" data-element_type=\"container\" data-e-type=\"container\">\n\t\t\t\t<div class=\"elementor-element elementor-element-9561df5 elementor-widget-tablet__width-initial elementor-widget elementor-widget-ekit-nav-menu\" data-id=\"9561df5\" data-element_type=\"widget\" data-e-type=\"widget\" data-widget_type=\"ekit-nav-menu.default\">\n\t\t\t\t<div class=\"elementor-widget-container\">\n\t\t\t\t\t\t\t<nav class=\"ekit-wid-con ekit_menu_responsive_mobile\"\n\t\t\tdata-hamburger-icon=\"\"\n\t\t\tdata-hamburger-icon-type=\"icon\"\n\t\t\tdata-responsive-breakpoint=\"767\">\n\t\t\t            <button class=\"elementskit-menu-hamburger elementskit-menu-toggler\"  type=\"button\" aria-label=\"hamburger-icon\">\n                                    <span class=\"elementskit-menu-hamburger-icon\"><\/span><span class=\"elementskit-menu-hamburger-icon\"><\/span><span class=\"elementskit-menu-hamburger-icon\"><\/span>\n                            <\/button>\n            <div id=\"ekit-megamenu-matedas2026-cz\" class=\"elementskit-menu-container elementskit-menu-offcanvas-elements elementskit-navbar-nav-default ekit-nav-menu-one-page-no ekit-nav-dropdown-hover\"><ul id=\"menu-matedas2026-cz\" class=\"elementskit-navbar-nav elementskit-menu-po-left submenu-click-on-icon\"><li id=\"menu-item-1573\" class=\"menu-item menu-item-type-post_type menu-item-object-page menu-item-home menu-item-1573 nav-item elementskit-mobile-builder-content\" data-vertical-menu=750px><a href=\"https:\/\/konference.unob.cz\/matedas\/\" class=\"ekit-menu-nav-link\">\u00davod<\/a><\/li>\n<li id=\"menu-item-1594\" class=\"menu-item menu-item-type-post_type menu-item-object-page menu-item-1594 nav-item elementskit-mobile-builder-content\" data-vertical-menu=750px><a href=\"https:\/\/konference.unob.cz\/matedas\/index.php\/2026-informace\/\" class=\"ekit-menu-nav-link\">Informace<\/a><\/li>\n<li id=\"menu-item-1649\" class=\"menu-item menu-item-type-post_type menu-item-object-page menu-item-1649 nav-item elementskit-mobile-builder-content\" data-vertical-menu=750px><a href=\"https:\/\/konference.unob.cz\/matedas\/index.php\/2026-program\/\" class=\"ekit-menu-nav-link\">Program<\/a><\/li>\n<li id=\"menu-item-1683\" class=\"menu-item menu-item-type-post_type menu-item-object-page menu-item-1683 nav-item elementskit-mobile-builder-content\" data-vertical-menu=750px><a href=\"https:\/\/konference.unob.cz\/matedas\/index.php\/2026-prispevky\/\" class=\"ekit-menu-nav-link\">P\u0159\u00edsp\u011bvky<\/a><\/li>\n<li id=\"menu-item-1664\" class=\"menu-item menu-item-type-post_type menu-item-object-page menu-item-1664 nav-item elementskit-mobile-builder-content\" data-vertical-menu=750px><a href=\"https:\/\/konference.unob.cz\/matedas\/index.php\/2026-registrace\/\" class=\"ekit-menu-nav-link\">Registrace<\/a><\/li>\n<li id=\"menu-item-1628\" class=\"menu-item menu-item-type-post_type menu-item-object-page menu-item-1628 nav-item elementskit-mobile-builder-content\" data-vertical-menu=750px><a href=\"https:\/\/konference.unob.cz\/matedas\/index.php\/2026-kontakt\/\" class=\"ekit-menu-nav-link\">Kontakt<\/a><\/li>\n<\/ul><div class=\"elementskit-nav-identity-panel\"><button class=\"elementskit-menu-close elementskit-menu-toggler\" type=\"button\">X<\/button><\/div><\/div>\n\t\t\t<div class=\"elementskit-menu-overlay elementskit-menu-offcanvas-elements elementskit-menu-toggler ekit-nav-menu--overlay\"><\/div>        <\/nav>\n\t\t\t\t\t\t<\/div>\n\t\t\t\t<\/div>\n\t\t\t\t<\/div>\n\t\t\t\t\t<\/div>\n\t\t\t\t<\/div>\n\t\t\t\t\t<\/div>\n\t\t\t\t<\/div>\n\t\t<div class=\"elementor-element elementor-element-0dc4245 e-flex e-con-boxed e-con e-parent\" data-id=\"0dc4245\" data-element_type=\"container\" data-e-type=\"container\">\n\t\t\t\t\t<div class=\"e-con-inner\">\n\t\t\t\t<div class=\"elementor-element elementor-element-4c2bbfe elementor-widget elementor-widget-elementskit-heading\" data-id=\"4c2bbfe\" data-element_type=\"widget\" data-e-type=\"widget\" data-widget_type=\"elementskit-heading.default\">\n\t\t\t\t\t<div class=\"ekit-wid-con\" ><div class=\"ekit-heading elementskit-section-title-wraper text_left   ekit_heading_tablet-   ekit_heading_mobile-\"><h3 class=\"ekit-heading--subtitle elementskit-section-subtitle  elementskit-style-border\">\n\t\t\t\t\t\tPROGRAM KONFERENCE\n\t\t\t\t\t<\/h3><\/div><\/div>\t\t\t\t<\/div>\n\t\t\t\t\t<\/div>\n\t\t\t\t<\/div>\n\t\t<div class=\"elementor-element elementor-element-8c5a135 e-flex e-con-boxed e-con e-parent\" data-id=\"8c5a135\" data-element_type=\"container\" data-e-type=\"container\">\n\t\t\t\t\t<div class=\"e-con-inner\">\n\t\t<div class=\"elementor-element elementor-element-56716cb e-con-full e-flex e-con e-child\" data-id=\"56716cb\" data-element_type=\"container\" data-e-type=\"container\">\n\t\t\t\t<div class=\"elementor-element elementor-element-d2696c1 elementor-widget elementor-widget-text-editor\" data-id=\"d2696c1\" data-element_type=\"widget\" data-e-type=\"widget\" data-widget_type=\"text-editor.default\">\n\t\t\t\t\t\t\t\t\t<p data-start=\"72\" data-end=\"227\"><strong data-start=\"72\" data-end=\"117\">V\u00e1\u017een\u00ed \u00fa\u010dastn\u00edci konference MaTeDas 2026, <\/strong>organiza\u010dn\u00ed v\u00fdbor spolu s partnery pro V\u00e1s p\u0159ipravil kompletn\u00ed program konference a doprovodn\u00fdch aktivit.<\/p><p>Ve st\u0159edu 13. 5. 2026 p\u0159iv\u00edt\u00e1me \u00fa\u010dastn\u00edky konference v are\u00e1lu Fakulty vojensk\u00fdch technologi\u00ed Univerzity obrany, na adrese \u0160umavsk\u00e1 4, Brno. Pro \u00fa\u010dastn\u00edky bude v are\u00e1lu zaji\u0161t\u011bn vjezd a parkov\u00e1n\u00ed<\/p><p>V dopoledn\u00edch hodin\u00e1ch prob\u011bhne registrace a slavnostn\u00ed zah\u00e1jen\u00ed konference v posluch\u00e1rn\u011b Katedry stroj\u00edrenstv\u00ed, po kter\u00e9m budou n\u00e1sledovat firemn\u00ed prezentace a odborn\u00e9 p\u0159edn\u00e1\u0161ky. Pro \u00fa\u010dastn\u00edky bude p\u0159ipravena prohl\u00eddka nov\u00fdch za\u0159\u00edzen\u00ed Katedry stroj\u00edrenstv\u00ed.<\/p><p>Odpoledne se program p\u0159esune do <strong data-start=\"76\" data-end=\"98\">Kas\u00e1ren \u010cern\u00e1 Pole<\/strong>, kde se uskute\u010dn\u00ed <strong data-start=\"113\" data-end=\"184\">slavnostn\u00ed otev\u0159en\u00ed laborato\u0159\u00ed povrchov\u00fdch a aditivn\u00edch technologi\u00ed <\/strong>s n\u00e1slednou komentovanou prohl\u00eddkou za\u0159\u00edzen\u00ed a cateringem.<\/p><p>Po programu v laborato\u0159\u00edch se \u00fa\u010dastn\u00edci p\u0159esunou zp\u011bt do <strong data-start=\"114\" data-end=\"134\">Kas\u00e1ren \u0160umavsk\u00e1<\/strong> a n\u00e1sledn\u011b do <strong data-start=\"149\" data-end=\"177\">Lednice vlastn\u00ed dopravou<\/strong>, kde bude zaji\u0161t\u011bno ubytov\u00e1n\u00ed v m\u00edstn\u00edch hotel\u00edch. Ve\u010der bude pokra\u010dovat <strong data-start=\"251\" data-end=\"290\">slavnostn\u00ed ve\u010de\u0159\u00ed v Z\u00e1meck\u00e9m hotelu<\/strong>, po n\u00ed\u017e n\u00e1sleduje <strong data-start=\"309\" data-end=\"349\">degustace vybran\u00fdch v\u00edn<\/strong> pro v\u0161echny z\u00e1jemce.<\/p><p>Ve \u010dtvrtek 14. 5. prob\u011bhne hlavn\u00ed \u010d\u00e1st konference v <strong data-start=\"108\" data-end=\"119\">Lednici<\/strong>. Dopoledne se \u00fa\u010dastn\u00edci sezn\u00e1m\u00ed s nejnov\u011bj\u0161\u00edmi poznatky prost\u0159ednictv\u00edm odborn\u00fdch p\u0159edn\u00e1\u0161ek s mo\u017enost\u00ed diskuse. Po ob\u011bd\u011b budou pokra\u010dovat dal\u0161\u00ed odborn\u00e9 sekce a spole\u010dn\u00e9 fotografov\u00e1n\u00ed. Odpoledne \u00fa\u010dastn\u00edky \u010dek\u00e1 <strong data-start=\"86\" data-end=\"125\">n\u00e1v\u0161t\u011bva z\u00e1mku a z\u00e1meck\u00e9ho sklen\u00edku<\/strong>, po n\u00ed\u017e bude n\u00e1sledovat <strong data-start=\"150\" data-end=\"191\">posterov\u00e1 sekce s vyhl\u00e1\u0161en\u00edm v\u00fdsledk\u016f<\/strong>. Den bude zavr\u0161ena <strong data-start=\"211\" data-end=\"232\">slavnostn\u00ed ve\u010de\u0159\u00ed<\/strong> a ve\u010dern\u00edm programem ve vinn\u00e9m sklep\u011b s <strong data-start=\"273\" data-end=\"294\">cimb\u00e1lovou hudbou.<\/strong><\/p><p>V p\u00e1tek 15. 5. bude konference zakon\u010dena spole\u010dn\u00fdm <strong data-start=\"105\" data-end=\"135\">v\u00fdletem lod\u00ed na Jan\u016fv hrad<\/strong>, kter\u00fd \u00fa\u010dastn\u00edk\u016fm poskytne n\u00e1dhern\u00fd v\u00fdhled na okoln\u00ed krajinu. Program bude uzav\u0159en <strong data-start=\"258\" data-end=\"284\">rozlu\u010dkov\u00fdm cateringem<\/strong>, kter\u00fd p\u0159\u00edjemn\u011b zakon\u010d\u00ed cel\u00fd pobyt.<\/p>\t\t\t\t\t\t\t\t<\/div>\n\t\t\t\t<\/div>\n\t\t<div class=\"elementor-element elementor-element-5052d7a e-grid e-con-full e-con e-child\" data-id=\"5052d7a\" data-element_type=\"container\" data-e-type=\"container\">\n\t\t<div class=\"elementor-element elementor-element-7a36e7f e-con-full e-flex e-con e-child\" data-id=\"7a36e7f\" data-element_type=\"container\" data-e-type=\"container\">\n\t\t\t\t<div class=\"elementor-element elementor-element-50662cf elementor-widget elementor-widget-heading\" data-id=\"50662cf\" data-element_type=\"widget\" data-e-type=\"widget\" data-widget_type=\"heading.default\">\n\t\t\t\t\t<h5 class=\"elementor-heading-title elementor-size-default\">St\u0159eda, 13. 5. 2026, Fakulta vojensk\u00fdch technologi\u00ed, Univerzita obrany<\/h5>\t\t\t\t<\/div>\n\t\t\t\t<div class=\"elementor-element elementor-element-6943a1d elementor-widget elementor-widget-elementskit-heading\" data-id=\"6943a1d\" data-element_type=\"widget\" data-e-type=\"widget\" data-widget_type=\"elementskit-heading.default\">\n\t\t\t\t\t<div class=\"ekit-wid-con\" ><div class=\"ekit-heading elementskit-section-title-wraper text_left   ekit_heading_tablet-   ekit_heading_mobile-\"><h5 class=\"ekit-heading--subtitle elementskit-section-subtitle  elementskit-style-border\">\n\t\t\t\t\t\tDopoledn\u00ed program\n\t\t\t\t\t<\/h5><\/div><\/div>\t\t\t\t<\/div>\n\t\t\t\t<div class=\"elementor-element elementor-element-2841e7d elementor-widget elementor-widget-text-editor\" data-id=\"2841e7d\" data-element_type=\"widget\" data-e-type=\"widget\" data-widget_type=\"text-editor.default\">\n\t\t\t\t\t\t\t\t\t<table width=\"425\"><tbody><tr><td width=\"129\"><p>09:00 \u2013 10:00<\/p><\/td><td width=\"290\"><p>Registrace \u00fa\u010dastn\u00edk\u016f<\/p><\/td><\/tr><tr><td width=\"129\"><p>10:00 \u2013 10:15<\/p><\/td><td width=\"290\"><p>Slavnostn\u00ed zah\u00e1jen\u00ed konference v posluch\u00e1rn\u011b K\u0160<\/p><\/td><\/tr><tr><td width=\"129\"><p>10:15 \u2013 13:00<\/p><\/td><td width=\"290\"><p>Firemn\u00ed prezentace a odborn\u00e9 p\u0159edn\u00e1\u0161ky<\/p><\/td><\/tr><tr><td width=\"129\"><p>13:00 \u2013 13:30<\/p><\/td><td width=\"290\"><p>Uk\u00e1zka nov\u00fdch za\u0159\u00edzen\u00ed Katedry stroj\u00edrenstv\u00ed<\/p><\/td><\/tr><\/tbody><\/table>\t\t\t\t\t\t\t\t<\/div>\n\t\t\t\t<div class=\"elementor-element elementor-element-5ac9b49 elementor-widget elementor-widget-elementskit-heading\" data-id=\"5ac9b49\" data-element_type=\"widget\" data-e-type=\"widget\" data-widget_type=\"elementskit-heading.default\">\n\t\t\t\t\t<div class=\"ekit-wid-con\" ><div class=\"ekit-heading elementskit-section-title-wraper text_left   ekit_heading_tablet-   ekit_heading_mobile-\"><h6 class=\"ekit-heading--subtitle elementskit-section-subtitle  elementskit-style-border\">\n\t\t\t\t\t\tOdpoledn\u00ed program\n\t\t\t\t\t<\/h6><\/div><\/div>\t\t\t\t<\/div>\n\t\t\t\t<div class=\"elementor-element elementor-element-3425581 elementor-widget elementor-widget-text-editor\" data-id=\"3425581\" data-element_type=\"widget\" data-e-type=\"widget\" data-widget_type=\"text-editor.default\">\n\t\t\t\t\t\t\t\t\t<table width=\"425\"><tbody><tr><td width=\"129\"><p>13:30 \u2013 14:00<\/p><\/td><td width=\"290\"><p>P\u0159esun do Kas\u00e1ren \u010cern\u00e1 Pole<\/p><\/td><\/tr><tr><td width=\"129\"><p>14:00 \u2013 14:15<\/p><\/td><td width=\"290\"><p>Slavnostn\u00ed otev\u0159en\u00ed laborato\u0159\u00ed povrchov\u00fdch a aditivn\u00edch technologi\u00ed \u010cP<\/p><\/td><\/tr><tr><td width=\"129\"><p>14:15 \u2013 15:30<\/p><\/td><td width=\"290\"><p>Prohl\u00eddka laborato\u0159\u00ed a catering\u00a0<\/p><\/td><\/tr><tr><td width=\"129\"><p>15:30 \u2013 16:00<\/p><\/td><td width=\"290\"><p>P\u0159esun zp\u011bt do Kas\u00e1ren \u0160umavsk\u00e1<\/p><\/td><\/tr><tr><td width=\"129\"><p>16:00 \u2013 17:00<\/p><\/td><td width=\"290\"><p>Samostatn\u00fd p\u0159esun do Lednice<\/p><\/td><\/tr><tr><td width=\"129\"><p>17:00 \u2013 18:00<\/p><\/td><td width=\"290\"><p>Ubytov\u00e1n\u00ed v m\u00edstn\u00edch hotel\u00edch<\/p><\/td><\/tr><\/tbody><\/table>\t\t\t\t\t\t\t\t<\/div>\n\t\t\t\t<div class=\"elementor-element elementor-element-b77a588 elementor-widget elementor-widget-elementskit-heading\" data-id=\"b77a588\" data-element_type=\"widget\" data-e-type=\"widget\" data-widget_type=\"elementskit-heading.default\">\n\t\t\t\t\t<div class=\"ekit-wid-con\" ><div class=\"ekit-heading elementskit-section-title-wraper text_left   ekit_heading_tablet-   ekit_heading_mobile-\"><h6 class=\"ekit-heading--subtitle elementskit-section-subtitle  elementskit-style-border\">\n\t\t\t\t\t\tVe\u010dern\u00ed program\n\t\t\t\t\t<\/h6><\/div><\/div>\t\t\t\t<\/div>\n\t\t\t\t<div class=\"elementor-element elementor-element-5bff3f9 elementor-widget elementor-widget-text-editor\" data-id=\"5bff3f9\" data-element_type=\"widget\" data-e-type=\"widget\" data-widget_type=\"text-editor.default\">\n\t\t\t\t\t\t\t\t\t<table width=\"425\"><tbody><tr><td width=\"129\"><p>19:00 \u2013 20:00<\/p><\/td><td width=\"290\"><p>Slavnostn\u00ed ve\u010de\u0159e v Z\u00e1meck\u00e9m hotelu<\/p><\/td><\/tr><tr><td width=\"129\"><p>od 20:00<\/p><\/td><td width=\"290\"><p>Degustace v\u00edn<\/p><\/td><\/tr><\/tbody><\/table>\t\t\t\t\t\t\t\t<\/div>\n\t\t\t\t<\/div>\n\t\t<div class=\"elementor-element elementor-element-1f572b0 e-con-full e-flex e-con e-child\" data-id=\"1f572b0\" data-element_type=\"container\" data-e-type=\"container\">\n\t\t\t\t<div class=\"elementor-element elementor-element-f5a8ce6 elementor-widget elementor-widget-heading\" data-id=\"f5a8ce6\" data-element_type=\"widget\" data-e-type=\"widget\" data-widget_type=\"heading.default\">\n\t\t\t\t\t<h5 class=\"elementor-heading-title elementor-size-default\">\u010ctvrtek, 14. 5. 2026, Z\u00e1meck\u00fd hotel, Lednice<\/h5>\t\t\t\t<\/div>\n\t\t\t\t<div class=\"elementor-element elementor-element-25bcab9 elementor-widget elementor-widget-elementskit-heading\" data-id=\"25bcab9\" data-element_type=\"widget\" data-e-type=\"widget\" data-widget_type=\"elementskit-heading.default\">\n\t\t\t\t\t<div class=\"ekit-wid-con\" ><div class=\"ekit-heading elementskit-section-title-wraper text_left   ekit_heading_tablet-   ekit_heading_mobile-\"><h6 class=\"ekit-heading--subtitle elementskit-section-subtitle  elementskit-style-border\">\n\t\t\t\t\t\tDopoledn\u00ed program\n\t\t\t\t\t<\/h6><\/div><\/div>\t\t\t\t<\/div>\n\t\t\t\t<div class=\"elementor-element elementor-element-9c00e49 elementor-widget elementor-widget-text-editor\" data-id=\"9c00e49\" data-element_type=\"widget\" data-e-type=\"widget\" data-widget_type=\"text-editor.default\">\n\t\t\t\t\t\t\t\t\t<table width=\"425\"><tbody><tr><td width=\"129\"><p>09:00 \u2013 10:30<\/p><\/td><td width=\"290\"><p>Sekce odborn\u00fdch p\u0159edn\u00e1\u0161ek<\/p><\/td><\/tr><tr><td width=\"129\"><p>10:30 \u2013 10:50<\/p><\/td><td width=\"290\"><p>Coffee break<\/p><\/td><\/tr><tr><td width=\"129\"><p>10:50 \u2013 12:20<\/p><\/td><td width=\"290\"><p>Sekce odborn\u00fdch p\u0159edn\u00e1\u0161ek<\/p><\/td><\/tr><tr><td width=\"129\"><p>12:30 \u2013 13:30<\/p><\/td><td width=\"290\"><p>Ob\u011bd<\/p><\/td><\/tr><\/tbody><\/table>\t\t\t\t\t\t\t\t<\/div>\n\t\t\t\t<div class=\"elementor-element elementor-element-f0dcc9e elementor-widget elementor-widget-elementskit-heading\" data-id=\"f0dcc9e\" data-element_type=\"widget\" data-e-type=\"widget\" data-widget_type=\"elementskit-heading.default\">\n\t\t\t\t\t<div class=\"ekit-wid-con\" ><div class=\"ekit-heading elementskit-section-title-wraper text_left   ekit_heading_tablet-   ekit_heading_mobile-\"><h6 class=\"ekit-heading--subtitle elementskit-section-subtitle  elementskit-style-border\">\n\t\t\t\t\t\tOdpoledn\u00ed program\n\t\t\t\t\t<\/h6><\/div><\/div>\t\t\t\t<\/div>\n\t\t\t\t<div class=\"elementor-element elementor-element-bd49b5d elementor-widget elementor-widget-text-editor\" data-id=\"bd49b5d\" data-element_type=\"widget\" data-e-type=\"widget\" data-widget_type=\"text-editor.default\">\n\t\t\t\t\t\t\t\t\t<table width=\"425\"><tbody><tr><td width=\"129\"><p>13:30 \u2013 15:00<\/p><\/td><td width=\"290\"><p>Sekce odborn\u00fdch p\u0159edn\u00e1\u0161ek<\/p><\/td><\/tr><tr><td width=\"129\"><p>15:00<\/p><\/td><td width=\"290\"><p>Spole\u010dn\u00e9 foto \u00fa\u010dastn\u00edk\u016f<\/p><\/td><\/tr><tr><td width=\"129\"><p>15:15 \u2013 18:00<\/p><\/td><td width=\"290\"><p>Prohl\u00eddka z\u00e1mku a z\u00e1meck\u00e9ho sklen\u00edku<\/p><\/td><\/tr><\/tbody><\/table>\t\t\t\t\t\t\t\t<\/div>\n\t\t\t\t<div class=\"elementor-element elementor-element-b72e394 elementor-widget elementor-widget-elementskit-heading\" data-id=\"b72e394\" data-element_type=\"widget\" data-e-type=\"widget\" data-widget_type=\"elementskit-heading.default\">\n\t\t\t\t\t<div class=\"ekit-wid-con\" ><div class=\"ekit-heading elementskit-section-title-wraper text_left   ekit_heading_tablet-   ekit_heading_mobile-\"><h6 class=\"ekit-heading--subtitle elementskit-section-subtitle  elementskit-style-border\">\n\t\t\t\t\t\tVe\u010dern\u00ed program\n\t\t\t\t\t<\/h6><\/div><\/div>\t\t\t\t<\/div>\n\t\t\t\t<div class=\"elementor-element elementor-element-756ed8c elementor-widget elementor-widget-text-editor\" data-id=\"756ed8c\" data-element_type=\"widget\" data-e-type=\"widget\" data-widget_type=\"text-editor.default\">\n\t\t\t\t\t\t\t\t\t<table width=\"425\"><tbody><tr><td width=\"129\"><p>18:00 \u2013 18:50<\/p><\/td><td width=\"290\"><p>Posterov\u00e1 sekce<\/p><\/td><\/tr><tr><td width=\"129\"><p>18:50 \u2013 19:00<\/p><\/td><td width=\"290\"><p>Vyhl\u00e1\u0161en\u00ed v\u00fdsledk\u016f<\/p><\/td><\/tr><tr><td width=\"129\"><p>19:30 \u2013 20:30<\/p><\/td><td width=\"290\"><p>Ve\u010de\u0159e<\/p><\/td><\/tr><tr><td width=\"129\"><p>od 21:00<\/p><\/td><td width=\"290\"><p>Vinn\u00fd sklep s cimb\u00e1lovou hudbou<\/p><\/td><\/tr><\/tbody><\/table>\t\t\t\t\t\t\t\t<\/div>\n\t\t\t\t<\/div>\n\t\t\t\t<\/div>\n\t\t<div class=\"elementor-element elementor-element-3920f7d e-grid e-con-full e-con e-child\" data-id=\"3920f7d\" data-element_type=\"container\" data-e-type=\"container\">\n\t\t<div class=\"elementor-element elementor-element-1ee61a4 e-con-full e-flex e-con e-child\" data-id=\"1ee61a4\" data-element_type=\"container\" data-e-type=\"container\">\n\t\t\t\t<div class=\"elementor-element elementor-element-4cbccad elementor-widget elementor-widget-heading\" data-id=\"4cbccad\" data-element_type=\"widget\" data-e-type=\"widget\" data-widget_type=\"heading.default\">\n\t\t\t\t\t<h5 class=\"elementor-heading-title elementor-size-default\">P\u00e1tek, 15. 5. 2026, Z\u00e1meck\u00fd hotel, Lednice<\/h5>\t\t\t\t<\/div>\n\t\t\t\t<div class=\"elementor-element elementor-element-4478762 elementor-widget elementor-widget-elementskit-heading\" data-id=\"4478762\" data-element_type=\"widget\" data-e-type=\"widget\" data-widget_type=\"elementskit-heading.default\">\n\t\t\t\t\t<div class=\"ekit-wid-con\" ><div class=\"ekit-heading elementskit-section-title-wraper text_left   ekit_heading_tablet-   ekit_heading_mobile-\"><h6 class=\"ekit-heading--subtitle elementskit-section-subtitle  elementskit-style-border\">\n\t\t\t\t\t\tDopoledn\u00ed program\n\t\t\t\t\t<\/h6><\/div><\/div>\t\t\t\t<\/div>\n\t\t\t\t<div class=\"elementor-element elementor-element-82ca2f1 elementor-widget elementor-widget-text-editor\" data-id=\"82ca2f1\" data-element_type=\"widget\" data-e-type=\"widget\" data-widget_type=\"text-editor.default\">\n\t\t\t\t\t\t\t\t\t<table width=\"425\"><tbody><tr><td width=\"129\"><p>10:00 \u2013 12:00<\/p><\/td><td width=\"290\"><p>V\u00fdlet lod\u00ed na Jan\u016fv hrad<\/p><\/td><\/tr><tr><td width=\"129\"><p>12:00 \u2013 13:00<\/p><\/td><td width=\"290\"><p>Rozlu\u010dkov\u00fd catering<\/p><\/td><\/tr><\/tbody><\/table>\t\t\t\t\t\t\t\t<\/div>\n\t\t\t\t<\/div>\n\t\t\t\t<\/div>\n\t\t\t\t\t<\/div>\n\t\t\t\t<\/div>\n\t\t\t\t<\/div>\n\t\t","protected":false},"excerpt":{"rendered":"<p>\u00davod Informace Program P\u0159\u00edsp\u011bvky Registrace Kontakt X PROGRAM KONFERENCE V\u00e1\u017een\u00ed \u00fa\u010dastn\u00edci konference MaTeDas 2026, organiza\u010dn\u00ed v\u00fdbor spolu s partnery pro V\u00e1s p\u0159ipravil kompletn\u00ed program konference a doprovodn\u00fdch aktivit. Ve st\u0159edu 13. 5. 2026 p\u0159iv\u00edt\u00e1me \u00fa\u010dastn\u00edky konference v are\u00e1lu Fakulty vojensk\u00fdch technologi\u00ed Univerzity obrany, na adrese \u0160umavsk\u00e1 4, Brno. Pro \u00fa\u010dastn\u00edky bude v are\u00e1lu zaji\u0161t\u011bn vjezd&#8230;<\/p>\n","protected":false},"author":1,"featured_media":0,"parent":0,"menu_order":0,"comment_status":"closed","ping_status":"closed","template":"","meta":{"_kad_post_transparent":"","_kad_post_title":"hide","_kad_post_layout":"fullwidth","_kad_post_sidebar_id":"","_kad_post_content_style":"unboxed","_kad_post_vertical_padding":"hide","_kad_post_feature":"hide","_kad_post_feature_position":"","_kad_post_header":false,"_kad_post_footer":false,"_kad_post_classname":"","footnotes":""},"class_list":["post-1644","page","type-page","status-publish","hentry"],"_links":{"self":[{"href":"https:\/\/konference.unob.cz\/matedas\/index.php\/wp-json\/wp\/v2\/pages\/1644","targetHints":{"allow":["GET"]}}],"collection":[{"href":"https:\/\/konference.unob.cz\/matedas\/index.php\/wp-json\/wp\/v2\/pages"}],"about":[{"href":"https:\/\/konference.unob.cz\/matedas\/index.php\/wp-json\/wp\/v2\/types\/page"}],"author":[{"embeddable":true,"href":"https:\/\/konference.unob.cz\/matedas\/index.php\/wp-json\/wp\/v2\/users\/1"}],"replies":[{"embeddable":true,"href":"https:\/\/konference.unob.cz\/matedas\/index.php\/wp-json\/wp\/v2\/comments?post=1644"}],"version-history":[{"count":28,"href":"https:\/\/konference.unob.cz\/matedas\/index.php\/wp-json\/wp\/v2\/pages\/1644\/revisions"}],"predecessor-version":[{"id":1944,"href":"https:\/\/konference.unob.cz\/matedas\/index.php\/wp-json\/wp\/v2\/pages\/1644\/revisions\/1944"}],"wp:attachment":[{"href":"https:\/\/konference.unob.cz\/matedas\/index.php\/wp-json\/wp\/v2\/media?parent=1644"}],"curies":[{"name":"wp","href":"https:\/\/api.w.org\/{rel}","templated":true}]}}