{"id":1657,"date":"2025-07-24T12:46:13","date_gmt":"2025-07-24T10:46:13","guid":{"rendered":"https:\/\/konference.unob.cz\/matedas\/?page_id=1657"},"modified":"2026-04-09T15:37:37","modified_gmt":"2026-04-09T13:37:37","slug":"2026-registrace","status":"publish","type":"page","link":"https:\/\/konference.unob.cz\/matedas\/index.php\/2026-registrace\/","title":{"rendered":"2026-registrace"},"content":{"rendered":"<nav\n\t\t\tdata-hamburger-icon=\"\"\n\t\t\tdata-hamburger-icon-type=\"icon\"\n\t\t\tdata-responsive-breakpoint=\"767\"><br \/>\n\t\t\t            <button  type=\"button\" aria-label=\"hamburger-icon\"><br \/>\n                            <\/button><\/p>\n<ul id=\"menu-matedas2026-cz\">\n<li id=\"menu-item-1573\" data-vertical-menu=750px><a href=\"https:\/\/konference.unob.cz\/matedas\/\">\u00davod<\/a><\/li>\n<li id=\"menu-item-1594\" data-vertical-menu=750px><a href=\"https:\/\/konference.unob.cz\/matedas\/index.php\/2026-informace\/\">Informace<\/a><\/li>\n<li id=\"menu-item-1649\" data-vertical-menu=750px><a href=\"https:\/\/konference.unob.cz\/matedas\/index.php\/2026-program\/\">Program<\/a><\/li>\n<li id=\"menu-item-1683\" data-vertical-menu=750px><a href=\"https:\/\/konference.unob.cz\/matedas\/index.php\/2026-prispevky\/\">P\u0159\u00edsp\u011bvky<\/a><\/li>\n<li id=\"menu-item-1664\" data-vertical-menu=750px><a href=\"https:\/\/konference.unob.cz\/matedas\/index.php\/2026-registrace\/\">Registrace<\/a><\/li>\n<li id=\"menu-item-1628\" data-vertical-menu=750px><a href=\"https:\/\/konference.unob.cz\/matedas\/index.php\/2026-kontakt\/\">Kontakt<\/a><\/li>\n<\/ul>\n<p><button type=\"button\">X<\/button><br \/>\n\t\t\t        <\/nav>\n<h3>\n\t\t\t\t\t\tREGISTRACE A D\u016eLE\u017dIT\u00c1 DATA<br \/>\n\t\t\t\t\t<\/h3>\n<h4>\n\t\t\t\t\t\tREGISTRACE<br \/>\n\t\t\t\t\t<\/h4>\n<p>\t\t\t\t\t\t\t\t\t\t\t\t\t\t\t<img decoding=\"async\" width=\"150\" height=\"150\" src=\"https:\/\/konference.unob.cz\/matedas\/wp-content\/uploads\/2025\/11\/QR2-150x150.jpg\" alt=\"\" srcset=\"https:\/\/konference.unob.cz\/matedas\/wp-content\/uploads\/2025\/11\/QR2-150x150.jpg 150w, https:\/\/konference.unob.cz\/matedas\/wp-content\/uploads\/2025\/11\/QR2-24x24.jpg 24w, https:\/\/konference.unob.cz\/matedas\/wp-content\/uploads\/2025\/11\/QR2-36x36.jpg 36w, https:\/\/konference.unob.cz\/matedas\/wp-content\/uploads\/2025\/11\/QR2-48x48.jpg 48w\" sizes=\"(max-width: 150px) 100vw, 150px\" \/>\t\t\t\t\t\t\t\t\t\t\t\t\t<\/p>\n<p>Zaregistrujte se pros\u00edm na konferenci MaTeDaS 2026 pomoc\u00ed uveden\u00e9ho QR k\u00f3du \u010di odkazu: <a href=\"https:\/\/forms.office.com\/e\/iC6wfDtiax\"><strong>Registra\u010dn\u00ed formul\u00e1\u0159<\/strong><\/a><\/p>\n<p>Uz\u00e1v\u011brka p\u0159ihl\u00e1\u0161ek je <strong>prodlou\u017eena do 27. b\u0159ezna 2026<\/strong>.<\/p>\n<p>Z\u00e1vazn\u00e9 p\u0159ihl\u00e1\u0161ky budou evidov\u00e1ny v po\u0159ad\u00ed doru\u010den\u00ed a za\u0159azov\u00e1ny do programu konference a\u017e do napln\u011bn\u00ed kapacity s\u00e1lu.<\/p>\n<h5>\n\t\t\t\t\t\tRegistra\u010dn\u00ed poplatek<br \/>\n\t\t\t\t\t<\/h5>\n<p>Registra\u010dn\u00ed poplatek zahrnuje pln\u00fd p\u0159\u00edstup ke v\u0161em konferen\u010dn\u00edm zased\u00e1n\u00edm, elektronick\u00fd p\u0159\u00edstup ke sborn\u00edku, uv\u00edtac\u00ed recepci, ob\u011bdy, slavnostn\u00ed ve\u010de\u0159i a \u00fa\u010dast na cel\u00e9m spole\u010densk\u00e9m programu konference.<\/p>\n<p>Studentsk\u00fd registra\u010dn\u00ed poplatek je ur\u010den v\u0161em student\u016fm zapsan\u00fdm na uzn\u00e1van\u00e9 akademick\u00e9 instituci. P\u0159i registraci je nutn\u00e9 p\u0159edlo\u017eit platn\u00fd studentsk\u00fd pr\u016fkaz nebo jin\u00fd doklad potvrzuj\u00edc\u00ed studium. Studenti doktorsk\u00e9ho studia maj\u00ed rovn\u011b\u017e mo\u017enost registrovat se za zv\u00fdhodn\u011bnou studentskou cenu.<\/p>\n<table>\n<tbody>\n<tr>\n<td width=\"118\">\n<p><strong>Term\u00edn registrace<\/strong><\/p>\n<\/td>\n<td width=\"119\">\n<p><strong>Standardn\u00ed vlo\u017en\u00e9<\/strong><\/p>\n<\/td>\n<td width=\"119\">\n<p><strong>Student<\/strong><\/p>\n<\/td>\n<td width=\"118\">\n<p><strong>P\u0159\u00edslu\u0161n\u00edk resortu MO<\/strong><\/p>\n<\/td>\n<\/tr>\n<tr>\n<td width=\"118\">\n<p><strong>do 31.1.2026<\/strong><\/p>\n<\/td>\n<td width=\"119\">\n<p>550 \u20ac\u00a0 (14\u00a0 000 CZK)<\/p>\n<\/td>\n<td width=\"119\">\n<p>450 \u20ac\u00a0 (11 500 CZK)<\/p>\n<\/td>\n<td width=\"118\">\n<p>40 \u20ac\u00a0 (1 000 CZK)<\/p>\n<\/td>\n<\/tr>\n<tr>\n<td width=\"118\">\n<p><strong>po 31.1.2026<\/strong><\/p>\n<\/td>\n<td width=\"119\">\n<p>600 \u20ac\u00a0 (15 000 CZK)<\/p>\n<\/td>\n<td width=\"119\">\n<p>500 \u20ac\u00a0 (12 500 CZK)<\/p>\n<\/td>\n<td width=\"118\">\n<p>45 \u20ac\u00a0 (1 150 CZK)<\/p>\n<\/td>\n<\/tr>\n<\/tbody>\n<\/table>\n<p>Poplatky jsou uvedeny v\u010detn\u011b DPH.<\/p>\n<p>Ubytov\u00e1n\u00ed <strong>nen\u00ed zahrnuto v registra\u010dn\u00edm poplatku<\/strong>. Podrobnosti a mo\u017enosti rezervace najdete na kart\u011b \u201e<strong>Informace \u2013 Ubytov\u00e1n\u00ed v Lednici<\/strong>\u201c.<br \/><strong data-start=\"199\" data-end=\"280\">Publika\u010dn\u00ed poplatek<\/strong> za p\u0159\u00edsp\u011bvek v \u010dasopise MM Science Journal tak\u00e9 <strong>nen\u00ed zahrnut v registra\u010dn\u00edm poplatku.<\/strong><\/p>\n<h5>\n\t\t\t\t\t\tZru\u0161en\u00ed registrace<br \/>\n\t\t\t\t\t<\/h5>\n<p><strong>Registrace je z\u00e1vazn\u00e1.<br \/><\/strong>V p\u0159\u00edpad\u011b, \u017ee se konference nem\u016f\u017eete z\u00fa\u010dastnit, je mo\u017en\u00e9 registraci p\u0159ev\u00e9st na jin\u00e9ho \u010dlena va\u0161\u00ed organizace. V takov\u00e9m p\u0159\u00edpad\u011b bude \u00fa\u010dtov\u00e1n administrativn\u00ed poplatek 1 500 CZK.<br \/>Registraci lze tak\u00e9 zru\u0161it. Pokud registraci zru\u0161\u00edte do <strong data-start=\"322\" data-end=\"340\">30. dubna 2026<\/strong>, plat\u00ed storno poplatek <strong data-start=\"364\" data-end=\"377\">1 500 CZK<\/strong>. Od <strong data-start=\"382\" data-end=\"400\">1. kv\u011btna 2026<\/strong> se uplat\u0148uje <strong data-start=\"414\" data-end=\"438\">100% storno poplatek<\/strong>.<\/p>\n<p>Ve\u0161ker\u00e9 zm\u011bny registrace je nutn\u00e9 ozn\u00e1mit p\u00edsemn\u011b na adresu: <a tabindex=\"0\" role=\"link\" href=\"mailto:michaela.krchova@unob.cz\">michaela.krchova@unob.cz<\/a><\/p>\n<h4>\n\t\t\t\t\t\tD\u016eLE\u017dIT\u00c9 DATUMY<br \/>\n\t\t\t\t\t<\/h4>\n<table>\n<tbody>\n<tr>\n<td width=\"346\">\n<p><strong>V\u010dasn\u00e1 registrace<\/strong><\/p>\n<\/td>\n<td width=\"252\">\n<p>do 31. ledna 2026<\/p>\n<\/td>\n<\/tr>\n<tr>\n<td width=\"346\">\n<p><strong>Posledn\u00ed term\u00edn registrace<\/strong><\/p>\n<\/td>\n<td width=\"252\">\n<p>do 27. b\u0159ezna 2026<\/p>\n<\/td>\n<\/tr>\n<tr>\n<td width=\"346\">\n<p><strong>Zasl\u00e1n\u00ed abstrakt\u016f<\/strong><\/p>\n<\/td>\n<td width=\"252\">\n<p>do 31. b\u0159ezna 2026<\/p>\n<\/td>\n<\/tr>\n<tr>\n<td width=\"346\">\n<p><strong>1. term\u00edn zasl\u00e1n\u00ed Full-textu<\/strong><\/p>\n<\/td>\n<td width=\"252\">\n<p>Bude up\u0159esn\u011bno<\/p>\n<\/td>\n<\/tr>\n<tr>\n<td width=\"346\">\n<p><strong>2. term\u00edn zasl\u00e1n\u00ed Full-textu<\/strong><\/p>\n<\/td>\n<td width=\"252\">\n<p>Bude up\u0159esn\u011bno<\/p>\n<\/td>\n<\/tr>\n<tr>\n<td width=\"346\">\n<p><strong>Konferen\u010dn\u00ed poplatek<\/strong><\/p>\n<\/td>\n<td width=\"252\">\n<p>do 15. dubna 2026<\/p>\n<\/td>\n<\/tr>\n<tr>\n<td width=\"346\">\n<p><strong>Zasl\u00e1n\u00ed programu konference<\/strong><\/p>\n<\/td>\n<td width=\"252\">\n<p>do. 5. kv\u011btna 2026<\/p>\n<\/td>\n<\/tr>\n<tr>\n<td width=\"346\">\n<p><strong>Pozv\u00e1nka k zas\u00edl\u00e1n\u00ed vybran\u00fdch \u010dl\u00e1nk\u016f do \u010dasopis\u016f<\/strong><\/p>\n<\/td>\n<td width=\"252\">\n<p>do 3. kv\u011btna 2026<\/p>\n<\/td>\n<\/tr>\n<tr>\n<td width=\"346\">\n<p><strong>Konferen\u010dn\u00ed dny<\/strong><\/p>\n<\/td>\n<td width=\"252\">\n<p>13.\u201315. kv\u011btna 2026<\/p>\n<\/td>\n<\/tr>\n<\/tbody>\n<\/table>\n","protected":false},"excerpt":{"rendered":"<p>\u00davod Informace Program P\u0159\u00edsp\u011bvky Registrace Kontakt X REGISTRACE A D\u016eLE\u017dIT\u00c1 DATA REGISTRACE Zaregistrujte se pros\u00edm na konferenci MaTeDaS 2026 pomoc\u00ed uveden\u00e9ho QR k\u00f3du \u010di odkazu: Registra\u010dn\u00ed formul\u00e1\u0159 Uz\u00e1v\u011brka p\u0159ihl\u00e1\u0161ek je prodlou\u017eena do 27. b\u0159ezna 2026. Z\u00e1vazn\u00e9 p\u0159ihl\u00e1\u0161ky budou evidov\u00e1ny v po\u0159ad\u00ed doru\u010den\u00ed a za\u0159azov\u00e1ny do programu konference a\u017e do napln\u011bn\u00ed kapacity s\u00e1lu. Registra\u010dn\u00ed poplatek Registra\u010dn\u00ed&#8230;<\/p>\n","protected":false},"author":1,"featured_media":0,"parent":0,"menu_order":0,"comment_status":"closed","ping_status":"closed","template":"","meta":{"_kad_post_transparent":"","_kad_post_title":"hide","_kad_post_layout":"fullwidth","_kad_post_sidebar_id":"","_kad_post_content_style":"unboxed","_kad_post_vertical_padding":"hide","_kad_post_feature":"hide","_kad_post_feature_position":"","_kad_post_header":false,"_kad_post_footer":false,"_kad_post_classname":"","footnotes":""},"class_list":["post-1657","page","type-page","status-publish","hentry"],"_links":{"self":[{"href":"https:\/\/konference.unob.cz\/matedas\/index.php\/wp-json\/wp\/v2\/pages\/1657","targetHints":{"allow":["GET"]}}],"collection":[{"href":"https:\/\/konference.unob.cz\/matedas\/index.php\/wp-json\/wp\/v2\/pages"}],"about":[{"href":"https:\/\/konference.unob.cz\/matedas\/index.php\/wp-json\/wp\/v2\/types\/page"}],"author":[{"embeddable":true,"href":"https:\/\/konference.unob.cz\/matedas\/index.php\/wp-json\/wp\/v2\/users\/1"}],"replies":[{"embeddable":true,"href":"https:\/\/konference.unob.cz\/matedas\/index.php\/wp-json\/wp\/v2\/comments?post=1657"}],"version-history":[{"count":91,"href":"https:\/\/konference.unob.cz\/matedas\/index.php\/wp-json\/wp\/v2\/pages\/1657\/revisions"}],"predecessor-version":[{"id":2229,"href":"https:\/\/konference.unob.cz\/matedas\/index.php\/wp-json\/wp\/v2\/pages\/1657\/revisions\/2229"}],"wp:attachment":[{"href":"https:\/\/konference.unob.cz\/matedas\/index.php\/wp-json\/wp\/v2\/media?parent=1657"}],"curies":[{"name":"wp","href":"https:\/\/api.w.org\/{rel}","templated":true}]}}