{"id":1675,"date":"2025-07-24T12:57:54","date_gmt":"2025-07-24T10:57:54","guid":{"rendered":"https:\/\/konference.unob.cz\/matedas\/?page_id=1675"},"modified":"2026-04-09T16:17:13","modified_gmt":"2026-04-09T14:17:13","slug":"2026-prispevky","status":"publish","type":"page","link":"https:\/\/konference.unob.cz\/matedas\/index.php\/2026-prispevky\/","title":{"rendered":"2026-prispevky"},"content":{"rendered":"\t\t<div data-elementor-type=\"wp-page\" data-elementor-id=\"1675\" class=\"elementor elementor-1675\">\n\t\t\t\t<div class=\"elementor-element elementor-element-82291d5 e-flex e-con-boxed e-con e-parent\" data-id=\"82291d5\" data-element_type=\"container\" data-e-type=\"container\">\n\t\t\t\t\t<div class=\"e-con-inner\">\n\t\t<div class=\"elementor-element elementor-element-f1e80dd e-grid e-con-boxed e-con e-child\" data-id=\"f1e80dd\" data-element_type=\"container\" data-e-type=\"container\">\n\t\t\t\t\t<div class=\"e-con-inner\">\n\t\t<div class=\"elementor-element elementor-element-5aa8da5 e-con-full e-flex e-con e-child\" data-id=\"5aa8da5\" data-element_type=\"container\" data-e-type=\"container\">\n\t\t\t\t<div class=\"elementor-element elementor-element-852d885 elementor-widget-tablet__width-initial elementor-widget elementor-widget-ekit-nav-menu\" data-id=\"852d885\" data-element_type=\"widget\" data-e-type=\"widget\" data-widget_type=\"ekit-nav-menu.default\">\n\t\t\t\t<div class=\"elementor-widget-container\">\n\t\t\t\t\t\t\t<nav class=\"ekit-wid-con ekit_menu_responsive_mobile\"\n\t\t\tdata-hamburger-icon=\"\"\n\t\t\tdata-hamburger-icon-type=\"icon\"\n\t\t\tdata-responsive-breakpoint=\"767\">\n\t\t\t            <button class=\"elementskit-menu-hamburger elementskit-menu-toggler\"  type=\"button\" aria-label=\"hamburger-icon\">\n                                    <span class=\"elementskit-menu-hamburger-icon\"><\/span><span class=\"elementskit-menu-hamburger-icon\"><\/span><span class=\"elementskit-menu-hamburger-icon\"><\/span>\n                            <\/button>\n            <div id=\"ekit-megamenu-matedas2026-cz\" class=\"elementskit-menu-container elementskit-menu-offcanvas-elements elementskit-navbar-nav-default ekit-nav-menu-one-page-no ekit-nav-dropdown-hover\"><ul id=\"menu-matedas2026-cz\" class=\"elementskit-navbar-nav elementskit-menu-po-left submenu-click-on-icon\"><li id=\"menu-item-1573\" class=\"menu-item menu-item-type-post_type menu-item-object-page menu-item-home menu-item-1573 nav-item elementskit-mobile-builder-content\" data-vertical-menu=750px><a href=\"https:\/\/konference.unob.cz\/matedas\/\" class=\"ekit-menu-nav-link\">\u00davod<\/a><\/li>\n<li id=\"menu-item-1594\" class=\"menu-item menu-item-type-post_type menu-item-object-page menu-item-1594 nav-item elementskit-mobile-builder-content\" data-vertical-menu=750px><a href=\"https:\/\/konference.unob.cz\/matedas\/index.php\/2026-informace\/\" class=\"ekit-menu-nav-link\">Informace<\/a><\/li>\n<li id=\"menu-item-1649\" class=\"menu-item menu-item-type-post_type menu-item-object-page menu-item-1649 nav-item elementskit-mobile-builder-content\" data-vertical-menu=750px><a href=\"https:\/\/konference.unob.cz\/matedas\/index.php\/2026-program\/\" class=\"ekit-menu-nav-link\">Program<\/a><\/li>\n<li id=\"menu-item-1683\" class=\"menu-item menu-item-type-post_type menu-item-object-page menu-item-1683 nav-item elementskit-mobile-builder-content\" data-vertical-menu=750px><a href=\"https:\/\/konference.unob.cz\/matedas\/index.php\/2026-prispevky\/\" class=\"ekit-menu-nav-link\">P\u0159\u00edsp\u011bvky<\/a><\/li>\n<li id=\"menu-item-1664\" class=\"menu-item menu-item-type-post_type menu-item-object-page menu-item-1664 nav-item elementskit-mobile-builder-content\" data-vertical-menu=750px><a href=\"https:\/\/konference.unob.cz\/matedas\/index.php\/2026-registrace\/\" class=\"ekit-menu-nav-link\">Registrace<\/a><\/li>\n<li id=\"menu-item-1628\" class=\"menu-item menu-item-type-post_type menu-item-object-page menu-item-1628 nav-item elementskit-mobile-builder-content\" data-vertical-menu=750px><a href=\"https:\/\/konference.unob.cz\/matedas\/index.php\/2026-kontakt\/\" class=\"ekit-menu-nav-link\">Kontakt<\/a><\/li>\n<\/ul><div class=\"elementskit-nav-identity-panel\"><button class=\"elementskit-menu-close elementskit-menu-toggler\" type=\"button\">X<\/button><\/div><\/div>\n\t\t\t<div class=\"elementskit-menu-overlay elementskit-menu-offcanvas-elements elementskit-menu-toggler ekit-nav-menu--overlay\"><\/div>        <\/nav>\n\t\t\t\t\t\t<\/div>\n\t\t\t\t<\/div>\n\t\t\t\t<\/div>\n\t\t\t\t\t<\/div>\n\t\t\t\t<\/div>\n\t\t\t\t\t<\/div>\n\t\t\t\t<\/div>\n\t\t<div class=\"elementor-element elementor-element-b364ef2 e-flex e-con-boxed e-con e-parent\" data-id=\"b364ef2\" data-element_type=\"container\" data-e-type=\"container\">\n\t\t\t\t\t<div class=\"e-con-inner\">\n\t\t\t\t<div class=\"elementor-element elementor-element-1c2ef21 elementor-widget elementor-widget-elementskit-heading\" data-id=\"1c2ef21\" data-element_type=\"widget\" data-e-type=\"widget\" data-widget_type=\"elementskit-heading.default\">\n\t\t\t\t\t<div class=\"ekit-wid-con\" ><div class=\"ekit-heading elementskit-section-title-wraper text_left   ekit_heading_tablet-   ekit_heading_mobile-\"><h3 class=\"ekit-heading--subtitle elementskit-section-subtitle  elementskit-style-border\">\n\t\t\t\t\t\tP\u0158\u00cdSP\u011aVKY\n\t\t\t\t\t<\/h3><\/div><\/div>\t\t\t\t<\/div>\n\t\t\t\t\t<\/div>\n\t\t\t\t<\/div>\n\t\t<div class=\"elementor-element elementor-element-59fbc46 e-flex e-con-boxed e-con e-parent\" data-id=\"59fbc46\" data-element_type=\"container\" data-e-type=\"container\">\n\t\t\t\t\t<div class=\"e-con-inner\">\n\t\t<div class=\"elementor-element elementor-element-6bc4b48 e-grid e-con-full e-con e-child\" data-id=\"6bc4b48\" data-element_type=\"container\" data-e-type=\"container\">\n\t\t<div class=\"elementor-element elementor-element-4da9360 e-con-full e-flex e-con e-child\" data-id=\"4da9360\" data-element_type=\"container\" data-e-type=\"container\">\n\t\t\t\t<div class=\"elementor-element elementor-element-0cb798c elementor-widget elementor-widget-elementskit-heading\" data-id=\"0cb798c\" data-element_type=\"widget\" data-e-type=\"widget\" data-widget_type=\"elementskit-heading.default\">\n\t\t\t\t\t<div class=\"ekit-wid-con\" ><div class=\"ekit-heading elementskit-section-title-wraper text_left   ekit_heading_tablet-   ekit_heading_mobile-\"><h5 class=\"ekit-heading--subtitle elementskit-section-subtitle  elementskit-style-border\">\n\t\t\t\t\t\tHlavn\u00ed oblasti z\u00e1jmu konference zahrnuj\u00ed\n\t\t\t\t\t<\/h5><\/div><\/div>\t\t\t\t<\/div>\n\t\t\t\t<div class=\"elementor-element elementor-element-9869bdf elementor-widget elementor-widget-text-editor\" data-id=\"9869bdf\" data-element_type=\"widget\" data-e-type=\"widget\" data-widget_type=\"text-editor.default\">\n\t\t\t\t\t\t\t\t\t<ul><li>Technologie v\u00a0oblasti bezpe\u010dnosti a obrany;<\/li><li>Aditivn\u00ed technologie;<\/li><li>Pokro\u010dil\u00e9 materi\u00e1ly a technologie;<\/li><li>Biokompatibiln\u00ed materi\u00e1ly.<\/li><\/ul>\t\t\t\t\t\t\t\t<\/div>\n\t\t\t\t<div class=\"elementor-element elementor-element-3586a4e elementor-widget elementor-widget-elementskit-heading\" data-id=\"3586a4e\" data-element_type=\"widget\" data-e-type=\"widget\" data-widget_type=\"elementskit-heading.default\">\n\t\t\t\t\t<div class=\"ekit-wid-con\" ><div class=\"ekit-heading elementskit-section-title-wraper text_left   ekit_heading_tablet-   ekit_heading_mobile-\"><h5 class=\"ekit-heading--subtitle elementskit-section-subtitle  elementskit-style-border\">\n\t\t\t\t\t\tTerm\u00edn pro zasl\u00e1n\u00ed p\u0159\u00edsp\u011bvk\u016f\n\t\t\t\t\t<\/h5><\/div><\/div>\t\t\t\t<\/div>\n\t\t\t\t<div class=\"elementor-element elementor-element-bab94df elementor-widget elementor-widget-text-editor\" data-id=\"bab94df\" data-element_type=\"widget\" data-e-type=\"widget\" data-widget_type=\"text-editor.default\">\n\t\t\t\t\t\t\t\t\t<p>Term\u00edn pro online odesl\u00e1n\u00ed abstrakt\u016f je <strong><span style=\"color: #ff0000;\">31. b\u0159ezna 2026<\/span><\/strong>.<\/p>\t\t\t\t\t\t\t\t<\/div>\n\t\t\t\t<div class=\"elementor-element elementor-element-c3360ee elementor-widget elementor-widget-elementskit-heading\" data-id=\"c3360ee\" data-element_type=\"widget\" data-e-type=\"widget\" data-widget_type=\"elementskit-heading.default\">\n\t\t\t\t\t<div class=\"ekit-wid-con\" ><div class=\"ekit-heading elementskit-section-title-wraper text_left   ekit_heading_tablet-   ekit_heading_mobile-\"><h5 class=\"ekit-heading--subtitle elementskit-section-subtitle  elementskit-style-border\">\n\t\t\t\t\t\tPravidla publikov\u00e1n\u00ed p\u0159\u00edsp\u011bvk\u016f\n\t\t\t\t\t<\/h5><\/div><\/div>\t\t\t\t<\/div>\n\t\t\t\t<div class=\"elementor-element elementor-element-8c9f87e elementor-widget elementor-widget-text-editor\" data-id=\"8c9f87e\" data-element_type=\"widget\" data-e-type=\"widget\" data-widget_type=\"text-editor.default\">\n\t\t\t\t\t\t\t\t\t<p data-start=\"212\" data-end=\"428\"><a href=\"https:\/\/konference.unob.cz\/matedas\/wp-content\/uploads\/2025\/11\/MaTeDaS2026_Template_abstract.docx\"><span style=\"color: #993300;\"><strong>Abstrakt<\/strong><\/span> <\/a>bude v rozsahu <span style=\"color: #000000;\"><strong>100 a\u017e 150 slov<\/strong><\/span>. Jeho vhodnost s ohledem na zam\u011b\u0159en\u00ed konference posoud\u00ed <a href=\"https:\/\/konference.unob.cz\/matedas\/index.php\/2026-informace\/\"><span style=\"color: #008000;\"><strong>v\u011bdeck\u00fd v\u00fdbor<\/strong><\/span><\/a>. P\u0159ijat\u00e9 abstrakty budou zve\u0159ejn\u011bny ve sborn\u00edku konference v elektronick\u00e9 podob\u011b.<\/p><p data-start=\"188\" data-end=\"500\">Auto\u0159i jsou vyzv\u00e1ni k zasl\u00e1n\u00ed abstrakt\u016f v <span style=\"color: #000000;\"><strong>angli\u010dtin\u011b<\/strong><\/span>. Ka\u017ed\u00fd p\u0159\u00edsp\u011bvek bude hodnocen odborn\u00edky v dan\u00e9 oblasti s ohledem na <span style=\"color: #000000;\"><strong data-start=\"310\" data-end=\"359\">originalitu, v\u00fdznam, kvalitu a srozumitelnost<\/strong><\/span>. P\u0159ijat\u00e9 p\u0159\u00edsp\u011bvky mus\u00ed b\u00fdt <span style=\"color: #000000;\"><strong data-start=\"388\" data-end=\"402\">origin\u00e1ln\u00ed<\/strong><\/span>, nesm\u00ed b\u00fdt sou\u010dasn\u011b publikov\u00e1ny jinde ani ur\u010deny k publikaci b\u011bhem obdob\u00ed recenzn\u00edho posouzen\u00ed.<\/p><p data-start=\"502\" data-end=\"843\">V\u0161echny p\u0159ijat\u00e9 p\u0159\u00edsp\u011bvky z konference MATEDAS 2026 mohou b\u00fdt publikov\u00e1ny v \u010dasopise <span style=\"color: #3366ff;\"><a style=\"color: #3366ff;\" href=\"https:\/\/www.mmscience.eu\/en\"><strong data-start=\"571\" data-end=\"593\">MM Science Journal<\/strong><\/a><\/span>. Podm\u00ednkou p\u0159ijet\u00ed p\u0159\u00edsp\u011bvku je \u00fasp\u011b\u0161n\u00e9 zvl\u00e1dnut\u00ed recenzn\u00edho \u0159\u00edzen\u00ed. Auto\u0159i obdr\u017e\u00ed informaci o v\u00fdsledku recenzn\u00edho \u0159\u00edzen\u00ed prost\u0159ednictv\u00edm kontaktn\u00ed osoby konference.<\/p><p data-start=\"502\" data-end=\"843\">Pro <span style=\"color: #000000;\"><strong>kompletn\u00ed zpracov\u00e1n\u00ed \u010dl\u00e1nku<\/strong><\/span> je nutn\u00e9 pou\u017e\u00edt v\u00fdhradn\u011b <span style=\"color: #993300;\"><a style=\"color: #993300;\" href=\"https:\/\/konference.unob.cz\/matedas\/wp-content\/uploads\/2025\/09\/Paper_manuscript_template_mmsj_paper.doc\"><strong>ofici\u00e1ln\u00ed \u0161ablonu \u010dasopisu MM Science Journal<\/strong><\/a><\/span>.<\/p><p data-start=\"502\" data-end=\"843\">Abstrakt a Full-text za\u0161lete v \u0159\u00e1dn\u00fdch term\u00ednech <a href=\"https:\/\/konference.unob.cz\/matedas\/wp-admin\/post.php?post=1657&amp;action=elementor\">(viz d\u016fle\u017eit\u00e9 datumy)<\/a> kontaktn\u00ed osob\u011b konference na e-mail: <strong><a class=\"_rpc_i1 o365button\" tabindex=\"0\" role=\"link\" href=\"mailto:michaela.krchova@unob.cz\"><span class=\"allowTextSelection _rpc_C1 ms-font-color-themePrimary ms-font-s\" title=\"michaela.krchova@unob.cz\">michaela.krchova@unob.cz<\/span><\/a>.<\/strong><\/p><p data-start=\"1147\" data-end=\"1201\">Form\u00e1t posteru je stanoven na <span style=\"color: #000000;\"><strong data-start=\"1177\" data-end=\"1200\">velikost A1 nebo A0<\/strong><\/span>.<\/p><p data-start=\"1203\" data-end=\"1431\">Ofici\u00e1ln\u00edm jazykem konference je <span style=\"color: #000000;\"><strong data-start=\"1236\" data-end=\"1250\">angli\u010dtina<\/strong><\/span>. Prezentace mus\u00ed b\u00fdt <span style=\"color: #000000;\"><strong data-start=\"1272\" data-end=\"1299\">zpracov\u00e1na v angli\u010dtin\u011b<\/strong><\/span>, samotn\u00fd p\u0159ednes m\u016f\u017ee prob\u00edhat v <span style=\"color: #000000;\"><strong data-start=\"1333\" data-end=\"1383\">angli\u010dtin\u011b, \u010de\u0161tin\u011b, sloven\u0161tin\u011b nebo pol\u0161tin\u011b<\/strong><\/span>, p\u0159i\u010dem\u017e <span style=\"color: #000000;\"><strong data-start=\"1393\" data-end=\"1430\">angli\u010dtina je doporu\u010den\u00fdm jazykem<\/strong><\/span>.<\/p>\t\t\t\t\t\t\t\t<\/div>\n\t\t\t\t<div class=\"elementor-element elementor-element-567c3e3 elementor-widget elementor-widget-elementskit-heading\" data-id=\"567c3e3\" data-element_type=\"widget\" data-e-type=\"widget\" data-widget_type=\"elementskit-heading.default\">\n\t\t\t\t\t<div class=\"ekit-wid-con\" ><div class=\"ekit-heading elementskit-section-title-wraper text_left   ekit_heading_tablet-   ekit_heading_mobile-\"><h5 class=\"ekit-heading--subtitle elementskit-section-subtitle  elementskit-style-border\">\n\t\t\t\t\t\tPublika\u010dn\u00ed poplatek\n\t\t\t\t\t<\/h5><\/div><\/div>\t\t\t\t<\/div>\n\t\t\t\t<div class=\"elementor-element elementor-element-93b9d26 elementor-widget elementor-widget-text-editor\" data-id=\"93b9d26\" data-element_type=\"widget\" data-e-type=\"widget\" data-widget_type=\"text-editor.default\">\n\t\t\t\t\t\t\t\t\t<p>Ve\u0161ker\u00e9 n\u00e1klady spojen\u00e9 s publikac\u00ed \u010dl\u00e1nku v <span style=\"color: #3366ff;\"><a style=\"color: #3366ff;\" href=\"https:\/\/www.mmscience.eu\/en\"><strong data-start=\"107\" data-end=\"129\">MM Science Journal<\/strong><\/a><\/span> hrad\u00ed autor \u010dl\u00e1nku <span style=\"color: #000000;\"><strong data-start=\"142\" data-end=\"156\">samostatn\u011b<\/strong><\/span> a <span style=\"color: #000000;\"><strong>nejsou sou\u010d\u00e1st\u00ed konferen\u010dn\u00edho poplatku<\/strong><\/span>.<br \/>Publikace \u010dl\u00e1nku v MM Science Journal \u010din\u00ed <span style=\"color: #ff0000;\"><strong data-start=\"226\" data-end=\"239\" data-is-only-node=\"\">7 500 CZK<\/strong><\/span>.<\/p>\t\t\t\t\t\t\t\t<\/div>\n\t\t\t\t<\/div>\n\t\t\t\t<\/div>\n\t\t\t\t\t<\/div>\n\t\t\t\t<\/div>\n\t\t\t\t<\/div>\n\t\t","protected":false},"excerpt":{"rendered":"<p>\u00davod Informace Program P\u0159\u00edsp\u011bvky Registrace Kontakt X P\u0158\u00cdSP\u011aVKY Hlavn\u00ed oblasti z\u00e1jmu konference zahrnuj\u00ed Technologie v\u00a0oblasti bezpe\u010dnosti a obrany; Aditivn\u00ed technologie; Pokro\u010dil\u00e9 materi\u00e1ly a technologie; Biokompatibiln\u00ed materi\u00e1ly. Term\u00edn pro zasl\u00e1n\u00ed p\u0159\u00edsp\u011bvk\u016f Term\u00edn pro online odesl\u00e1n\u00ed abstrakt\u016f je 31. b\u0159ezna 2026. Pravidla publikov\u00e1n\u00ed p\u0159\u00edsp\u011bvk\u016f Abstrakt bude v rozsahu 100 a\u017e 150 slov. Jeho vhodnost s ohledem na&#8230;<\/p>\n","protected":false},"author":1,"featured_media":0,"parent":0,"menu_order":0,"comment_status":"closed","ping_status":"closed","template":"","meta":{"_kad_post_transparent":"","_kad_post_title":"hide","_kad_post_layout":"fullwidth","_kad_post_sidebar_id":"","_kad_post_content_style":"unboxed","_kad_post_vertical_padding":"hide","_kad_post_feature":"hide","_kad_post_feature_position":"","_kad_post_header":false,"_kad_post_footer":false,"_kad_post_classname":"","footnotes":""},"class_list":["post-1675","page","type-page","status-publish","hentry"],"_links":{"self":[{"href":"https:\/\/konference.unob.cz\/matedas\/index.php\/wp-json\/wp\/v2\/pages\/1675","targetHints":{"allow":["GET"]}}],"collection":[{"href":"https:\/\/konference.unob.cz\/matedas\/index.php\/wp-json\/wp\/v2\/pages"}],"about":[{"href":"https:\/\/konference.unob.cz\/matedas\/index.php\/wp-json\/wp\/v2\/types\/page"}],"author":[{"embeddable":true,"href":"https:\/\/konference.unob.cz\/matedas\/index.php\/wp-json\/wp\/v2\/users\/1"}],"replies":[{"embeddable":true,"href":"https:\/\/konference.unob.cz\/matedas\/index.php\/wp-json\/wp\/v2\/comments?post=1675"}],"version-history":[{"count":82,"href":"https:\/\/konference.unob.cz\/matedas\/index.php\/wp-json\/wp\/v2\/pages\/1675\/revisions"}],"predecessor-version":[{"id":2248,"href":"https:\/\/konference.unob.cz\/matedas\/index.php\/wp-json\/wp\/v2\/pages\/1675\/revisions\/2248"}],"wp:attachment":[{"href":"https:\/\/konference.unob.cz\/matedas\/index.php\/wp-json\/wp\/v2\/media?parent=1675"}],"curies":[{"name":"wp","href":"https:\/\/api.w.org\/{rel}","templated":true}]}}