{"id":186,"date":"2025-09-12T08:00:24","date_gmt":"2025-09-12T06:00:24","guid":{"rendered":"https:\/\/konference.unob.cz\/pokos\/?page_id=186"},"modified":"2025-10-13T13:57:57","modified_gmt":"2025-10-13T11:57:57","slug":"kurz-2025-11","status":"publish","type":"page","link":"https:\/\/konference.unob.cz\/pokos\/","title":{"rendered":"kurz-2025-11"},"content":{"rendered":"\t\t<div data-elementor-type=\"wp-page\" data-elementor-id=\"186\" class=\"elementor elementor-186\">\n\t\t\t\t<div class=\"elementor-element elementor-element-f7fa58f e-grid e-con-boxed e-con e-parent\" data-id=\"f7fa58f\" data-element_type=\"container\" data-e-type=\"container\">\n\t\t\t\t\t<div class=\"e-con-inner\">\n\t\t<div class=\"elementor-element elementor-element-223223f e-con-full e-flex e-con e-child\" data-id=\"223223f\" data-element_type=\"container\" data-e-type=\"container\">\n\t\t<div class=\"elementor-element elementor-element-47b2052 e-con-full e-flex e-con e-child\" data-id=\"47b2052\" data-element_type=\"container\" data-e-type=\"container\">\n\t\t\t\t<div class=\"elementor-element elementor-element-2cc8f09 elementor-widget elementor-widget-text-editor\" data-id=\"2cc8f09\" data-element_type=\"widget\" data-e-type=\"widget\" data-widget_type=\"text-editor.default\">\n\t\t\t\t\t\t\t\t\t<h1>\u00davod do brann\u011b-bezpe\u010dnostn\u00ed problematiky pro pedagogy V\u0160<\/h1><p>26.-30. 1. 2026<\/p><p>Kurz poskytuje p\u0159ehled o bezpe\u010dnostn\u00edm syst\u00e9mu \u010cesk\u00e9 republiky, struktu\u0159e a \u00faloh\u00e1ch ozbrojen\u00fdch sil \u010cesk\u00e9 republiky, a o zaji\u0161\u0165ov\u00e1n\u00ed bezpe\u010dnosti a obrany na mezin\u00e1rodn\u00ed \u00farovni, zejm\u00e9na v r\u00e1mci Severoatlantick\u00e9 Aliance (NATO), Organizace spojen\u00fdch n\u00e1rod\u016f (OSN) a Evropsk\u00e9 unie (EU) a dal\u0161\u00edch mezin\u00e1rodn\u00edch organizac\u00edch (OECD, V4, OBSE). Studenti z\u00edskaj\u00ed znalosti o pr\u00e1vn\u00edch aspektech obrany st\u00e1tu a v\u00fdznamu celospole\u010densk\u00e9ho p\u0159\u00edstupu k obran\u011b st\u00e1tu, kter\u00fd zahrnuje spolupr\u00e1ci ve\u0159ejn\u00e9 spr\u00e1vy a ob\u010dansk\u00e9 spole\u010dnosti. D\u016fraz v\u00fduky je kladen na ob\u010dansko-pr\u00e1vn\u00ed odpov\u011bdnost, podporu demokratick\u00fdch hodnot a z\u00edsk\u00e1n\u00ed vnit\u0159n\u00ed pozitivn\u00ed motivace k\u202fz\u00edsk\u00e1n\u00ed proaktivn\u00edho p\u0159\u00edstupu ob\u010dana k brann\u011b-bezpe\u010dnostn\u00ed problematice zahrnuj\u00edc\u00ed obranu st\u00e1tu a ochranu obyvatelstva.<\/p>\t\t\t\t\t\t\t\t<\/div>\n\t\t\t\t<div class=\"elementor-element elementor-element-4b00ae4 elementor-align-right elementor-widget elementor-widget-button\" data-id=\"4b00ae4\" data-element_type=\"widget\" data-e-type=\"widget\" data-widget_type=\"button.default\">\n\t\t\t\t\t\t\t\t\t\t<a class=\"elementor-button elementor-button-link elementor-size-sm\" href=\"https:\/\/konference.unob.cz\/pokos\/#registrace\" target=\"_blank\">\n\t\t\t\t\t\t<span class=\"elementor-button-content-wrapper\">\n\t\t\t\t\t\t\t\t\t<span class=\"elementor-button-text\">Registrace<\/span>\n\t\t\t\t\t<\/span>\n\t\t\t\t\t<\/a>\n\t\t\t\t\t\t\t\t<\/div>\n\t\t\t\t<\/div>\n\t\t\t\t<\/div>\n\t\t\t\t\t<\/div>\n\t\t\t\t<\/div>\n\t\t<div class=\"elementor-element elementor-element-a38f840 e-flex e-con-boxed e-con e-parent\" data-id=\"a38f840\" data-element_type=\"container\" data-e-type=\"container\">\n\t\t\t\t\t<div class=\"e-con-inner\">\n\t\t\t\t<div class=\"elementor-element elementor-element-7cdeee6 elementor-widget elementor-widget-menu-anchor\" data-id=\"7cdeee6\" data-element_type=\"widget\" data-e-type=\"widget\" data-widget_type=\"menu-anchor.default\">\n\t\t\t\t\t\t\t<div class=\"elementor-menu-anchor\" id=\"informace\"><\/div>\n\t\t\t\t\t\t<\/div>\n\t\t<div class=\"elementor-element elementor-element-e8605a6 e-con-full e-flex e-con e-child\" data-id=\"e8605a6\" data-element_type=\"container\" data-e-type=\"container\">\n\t\t\t\t<div class=\"elementor-element elementor-element-20d1c76 elementor-widget elementor-widget-heading\" data-id=\"20d1c76\" data-element_type=\"widget\" data-e-type=\"widget\" data-widget_type=\"heading.default\">\n\t\t\t\t\t<h2 class=\"elementor-heading-title elementor-size-default\">INFORMACE<\/h2>\t\t\t\t<\/div>\n\t\t\t\t<div class=\"elementor-element elementor-element-753831f elementor-widget elementor-widget-heading\" data-id=\"753831f\" data-element_type=\"widget\" data-e-type=\"widget\" data-widget_type=\"heading.default\">\n\t\t\t\t\t<h4 class=\"elementor-heading-title elementor-size-default\">P\u0159ehled<\/h4>\t\t\t\t<\/div>\n\t\t\t\t<div class=\"elementor-element elementor-element-8778f29 elementor-widget elementor-widget-text-editor\" data-id=\"8778f29\" data-element_type=\"widget\" data-e-type=\"widget\" data-widget_type=\"text-editor.default\">\n\t\t\t\t\t\t\t\t\t<ul><li>5 v\u00fdukov\u00fdch dn\u00ed = 18 hodin p\u0159edn\u00e1\u0161ek + 2 hodiny semin\u00e1\u0159\u016f<\/li><li>LMS Moodle (List t\u00e9matu, PowerPoint prezentace) \u200b<\/li><li>Certifik\u00e1t o absolvov\u00e1n\u00ed na z\u00e1klad\u011b \u00fa\u010dasti \u200b<\/li><li>max. 25 \u00fa\u010dastn\u00edk\u016f<\/li><\/ul>\t\t\t\t\t\t\t\t<\/div>\n\t\t\t\t<div class=\"elementor-element elementor-element-8591b2c elementor-widget elementor-widget-heading\" data-id=\"8591b2c\" data-element_type=\"widget\" data-e-type=\"widget\" data-widget_type=\"heading.default\">\n\t\t\t\t\t<h4 class=\"elementor-heading-title elementor-size-default\">C\u00edl kurzu<\/h4>\t\t\t\t<\/div>\n\t\t\t\t<div class=\"elementor-element elementor-element-eb5a1b4 elementor-widget elementor-widget-text-editor\" data-id=\"eb5a1b4\" data-element_type=\"widget\" data-e-type=\"widget\" data-widget_type=\"text-editor.default\">\n\t\t\t\t\t\t\t\t\t<p>C\u00edlem kurzu je <strong>p\u0159ibl\u00ed\u017eit d\u016fle\u017eitost oblasti obrany st\u00e1tu, a hlavn\u011b jej\u00ed spr\u00e1vn\u00e9 pochopen\u00ed \u00fa\u010dastn\u00edk\u016fm kurzu <\/strong>tak, aby po absolvov\u00e1n\u00ed kurzu <strong>disponovali znalostmi <\/strong>o bezpe\u010dnostn\u00edm prost\u0159ed\u00ed a bezpe\u010dnostn\u00edm syst\u00e9mu \u010cesk\u00e9 republiky, znalostmi d\u016fvod\u016f pro \u010dlenstv\u00ed \u010cesk\u00e9 republiky v Severoatlantick\u00e9 alianci (NATO), Organizaci spojen\u00fdch n\u00e1rod\u016f (OSN), Evropsk\u00e9 unii (EU) a dal\u0161\u00edch mezin\u00e1rodn\u00edch organizac\u00edch, z\u00e1kladn\u00edmi znalostmi o struktu\u0159e, p\u016fsobnosti a \u00fakolech Ozbrojen\u00fdch sil \u010cR, A\u010cR a jejich vazeb na slo\u017eky Integrovan\u00e9ho z\u00e1chrann\u00e9ho syst\u00e9mu. \u00da\u010dastn\u00edci kurzu z\u00edskaj\u00ed rovn\u011b\u017e <strong>roz\u0161\u00ed\u0159en\u00e9 pov\u011bdom\u00ed o\u00a0tom, \u017ee obrana a zaji\u0161\u0165ov\u00e1n\u00ed obranyschopnosti \u010cesk\u00e9 republiky nen\u00ed z\u00e1le\u017eitost\u00ed pouze A\u010cR, ale cel\u00e9 spole\u010dnosti<\/strong>. Z\u00e1rove\u0148 budou <strong>schopni p\u0159ev\u00e9st z\u00edskan\u00e9 poznatky do svoj\u00ed budouc\u00ed pedagogick\u00e9 praxe <\/strong>a t\u00edm p\u0159isp\u011bt k posilov\u00e1n\u00ed p\u0159ipravenosti mlad\u00e9 generace k obran\u011b st\u00e1tu.<\/p>\t\t\t\t\t\t\t\t<\/div>\n\t\t\t\t<\/div>\n\t\t\t\t\t<\/div>\n\t\t\t\t<\/div>\n\t\t<div class=\"elementor-element elementor-element-97dd2c7 e-flex e-con-boxed e-con e-parent\" data-id=\"97dd2c7\" data-element_type=\"container\" data-e-type=\"container\">\n\t\t\t\t\t<div class=\"e-con-inner\">\n\t\t\t\t<div class=\"elementor-element elementor-element-61ff996 elementor-widget elementor-widget-menu-anchor\" data-id=\"61ff996\" data-element_type=\"widget\" data-e-type=\"widget\" data-widget_type=\"menu-anchor.default\">\n\t\t\t\t\t\t\t<div class=\"elementor-menu-anchor\" id=\"program\"><\/div>\n\t\t\t\t\t\t<\/div>\n\t\t<div class=\"elementor-element elementor-element-006b91e e-con-full e-flex e-con e-child\" data-id=\"006b91e\" data-element_type=\"container\" data-e-type=\"container\">\n\t\t\t\t<div class=\"elementor-element elementor-element-1315dce elementor-widget elementor-widget-heading\" data-id=\"1315dce\" data-element_type=\"widget\" data-e-type=\"widget\" data-widget_type=\"heading.default\">\n\t\t\t\t\t<h2 class=\"elementor-heading-title elementor-size-default\">PROGRAM<\/h2>\t\t\t\t<\/div>\n\t\t\t\t<\/div>\n\t\t\t\t<div class=\"elementor-element elementor-element-383b571 elementor-align-left elementor-widget elementor-widget-elementskit-button\" data-id=\"383b571\" data-element_type=\"widget\" data-e-type=\"widget\" data-widget_type=\"elementskit-button.default\">\n\t\t\t\t\t<div class=\"ekit-wid-con\" >\t\t<div class=\"ekit-btn-wraper\">\n\t\t\t\t\t\t\t<a href=\"https:\/\/konference.unob.cz\/pokos\/wp-content\/uploads\/2025\/10\/20251008_N_3691_Rozvrh_kurzu_pedagogove_VS_UO.pdf\" target=\"_blank\" class=\"elementskit-btn  whitespace--normal\" id=\"\">\n\t\t\t\t\tProgram kurzu ke sta\u017een\u00ed\t\t\t\t<\/a>\n\t\t\t\t\t<\/div>\n        <\/div>\t\t\t\t<\/div>\n\t\t\t\t<div class=\"elementor-element elementor-element-482b9b6 elementor-widget-divider--view-line elementor-widget elementor-widget-divider\" data-id=\"482b9b6\" data-element_type=\"widget\" data-e-type=\"widget\" data-widget_type=\"divider.default\">\n\t\t\t\t\t\t\t<div class=\"elementor-divider\">\n\t\t\t<span class=\"elementor-divider-separator\">\n\t\t\t\t\t\t<\/span>\n\t\t<\/div>\n\t\t\t\t\t\t<\/div>\n\t\t\t\t\t<\/div>\n\t\t\t\t<\/div>\n\t\t<div class=\"elementor-element elementor-element-f1d0f82 e-flex e-con-boxed e-con e-parent\" data-id=\"f1d0f82\" data-element_type=\"container\" data-e-type=\"container\">\n\t\t\t\t\t<div class=\"e-con-inner\">\n\t\t\t\t<div class=\"elementor-element elementor-element-acf39f9 elementor-widget elementor-widget-menu-anchor\" data-id=\"acf39f9\" data-element_type=\"widget\" data-e-type=\"widget\" data-widget_type=\"menu-anchor.default\">\n\t\t\t\t\t\t\t<div class=\"elementor-menu-anchor\" id=\"registrace\"><\/div>\n\t\t\t\t\t\t<\/div>\n\t\t<div class=\"elementor-element elementor-element-a68a2ff e-con-full e-flex e-con e-child\" data-id=\"a68a2ff\" data-element_type=\"container\" data-e-type=\"container\">\n\t\t\t\t<div class=\"elementor-element elementor-element-1a63c82 elementor-widget elementor-widget-heading\" data-id=\"1a63c82\" data-element_type=\"widget\" data-e-type=\"widget\" data-widget_type=\"heading.default\">\n\t\t\t\t\t<h2 class=\"elementor-heading-title elementor-size-default\">REGISTRACE<\/h2>\t\t\t\t<\/div>\n\t\t\t\t<div class=\"elementor-element elementor-element-9aab5a3 elementor-widget__width-initial elementor-widget elementor-widget-text-editor\" data-id=\"9aab5a3\" data-element_type=\"widget\" data-e-type=\"widget\" data-widget_type=\"text-editor.default\">\n\t\t\t\t\t\t\t\t\t<ul class=\"kt-svg-icon-list\"><li class=\"wp-block-kadence-listitem kt-svg-icon-list-item-wrap kt-svg-icon-list-item-1315_5fe53b-f6 kt-svg-icon-list-style-stacked\">Pro registraci n\u00e1sledujte pokyn\u016f v n\u00e1vodu v p\u0159ilo\u017een\u00e9m pdf souboru.<\/li><li>Deadline p\u0159ihl\u00e1\u0161ek 26. 12. 2025.<\/li><\/ul>\t\t\t\t\t\t\t\t<\/div>\n\t\t<div class=\"elementor-element elementor-element-809c54f e-con-full e-grid e-con e-child\" data-id=\"809c54f\" data-element_type=\"container\" data-e-type=\"container\">\n\t\t\t\t<div class=\"elementor-element elementor-element-d9eb88e elementor-align-center elementor-widget elementor-widget-elementskit-button\" data-id=\"d9eb88e\" data-element_type=\"widget\" data-e-type=\"widget\" data-widget_type=\"elementskit-button.default\">\n\t\t\t\t\t<div class=\"ekit-wid-con\" >\t\t<div class=\"ekit-btn-wraper\">\n\t\t\t\t\t\t\t<a href=\"https:\/\/konference.unob.cz\/pokos\/wp-content\/uploads\/2025\/09\/POKOS_Registrace-na-aktivity-UO.pdf\" target=\"_blank\" class=\"elementskit-btn  whitespace--normal\" id=\"\">\n\t\t\t\t\tN\u00e1vod\t\t\t\t<\/a>\n\t\t\t\t\t<\/div>\n        <\/div>\t\t\t\t<\/div>\n\t\t\t\t<div class=\"elementor-element elementor-element-4955536 elementor-align-center elementor-widget elementor-widget-elementskit-button\" data-id=\"4955536\" data-element_type=\"widget\" data-e-type=\"widget\" data-widget_type=\"elementskit-button.default\">\n\t\t\t\t\t<div class=\"ekit-wid-con\" >\t\t<div class=\"ekit-btn-wraper\">\n\t\t\t\t\t\t\t<a href=\"https:\/\/apl.unob.cz\/KonferencePrihlaseni\/Identity\/Account\/Login\" target=\"_blank\" class=\"elementskit-btn  whitespace--normal\" id=\"\">\n\t\t\t\t\tRegistrace\t\t\t\t<\/a>\n\t\t\t\t\t<\/div>\n        <\/div>\t\t\t\t<\/div>\n\t\t\t\t<\/div>\n\t\t\t\t<\/div>\n\t\t\t\t\t<\/div>\n\t\t\t\t<\/div>\n\t\t<div class=\"elementor-element elementor-element-1598278 e-flex e-con-boxed e-con e-parent\" data-id=\"1598278\" data-element_type=\"container\" data-e-type=\"container\">\n\t\t\t\t\t<div class=\"e-con-inner\">\n\t\t\t\t<div class=\"elementor-element elementor-element-561d5ca elementor-widget elementor-widget-menu-anchor\" data-id=\"561d5ca\" data-element_type=\"widget\" data-e-type=\"widget\" data-widget_type=\"menu-anchor.default\">\n\t\t\t\t\t\t\t<div class=\"elementor-menu-anchor\" id=\"kontakt\"><\/div>\n\t\t\t\t\t\t<\/div>\n\t\t<div class=\"elementor-element elementor-element-ee778b5 e-con-full e-flex e-con e-child\" data-id=\"ee778b5\" data-element_type=\"container\" data-e-type=\"container\">\n\t\t\t\t<div class=\"elementor-element elementor-element-2403e73 elementor-widget elementor-widget-heading\" data-id=\"2403e73\" data-element_type=\"widget\" data-e-type=\"widget\" data-widget_type=\"heading.default\">\n\t\t\t\t\t<h2 class=\"elementor-heading-title elementor-size-default\">KONTAKT<\/h2>\t\t\t\t<\/div>\n\t\t<div class=\"elementor-element elementor-element-a27c9cd e-grid e-con-full e-con e-child\" data-id=\"a27c9cd\" data-element_type=\"container\" data-e-type=\"container\">\n\t\t<div class=\"elementor-element elementor-element-6dfaedd e-con-full e-flex e-con e-child\" data-id=\"6dfaedd\" data-element_type=\"container\" data-e-type=\"container\">\n\t\t\t\t<div class=\"elementor-element elementor-element-c4df3c1 elementor-position-inline-start elementor-view-default elementor-mobile-position-block-start elementor-widget elementor-widget-icon-box\" data-id=\"c4df3c1\" data-element_type=\"widget\" data-e-type=\"widget\" data-widget_type=\"icon-box.default\">\n\t\t\t\t\t\t\t<div class=\"elementor-icon-box-wrapper\">\n\n\t\t\t\t\t\t<div class=\"elementor-icon-box-icon\">\n\t\t\t\t<span  class=\"elementor-icon\">\n\t\t\t\t<svg aria-hidden=\"true\" class=\"e-font-icon-svg e-far-user-circle\" viewBox=\"0 0 496 512\" xmlns=\"http:\/\/www.w3.org\/2000\/svg\"><path d=\"M248 104c-53 0-96 43-96 96s43 96 96 96 96-43 96-96-43-96-96-96zm0 144c-26.5 0-48-21.5-48-48s21.5-48 48-48 48 21.5 48 48-21.5 48-48 48zm0-240C111 8 0 119 0 256s111 248 248 248 248-111 248-248S385 8 248 8zm0 448c-49.7 0-95.1-18.3-130.1-48.4 14.9-23 40.4-38.6 69.6-39.5 20.8 6.4 40.6 9.6 60.5 9.6s39.7-3.1 60.5-9.6c29.2 1 54.7 16.5 69.6 39.5-35 30.1-80.4 48.4-130.1 48.4zm162.7-84.1c-24.4-31.4-62.1-51.9-105.1-51.9-10.2 0-26 9.6-57.6 9.6-31.5 0-47.4-9.6-57.6-9.6-42.9 0-80.6 20.5-105.1 51.9C61.9 339.2 48 299.2 48 256c0-110.3 89.7-200 200-200s200 89.7 200 200c0 43.2-13.9 83.2-37.3 115.9z\"><\/path><\/svg>\t\t\t\t<\/span>\n\t\t\t<\/div>\n\t\t\t\n\t\t\t\t\t\t<div class=\"elementor-icon-box-content\">\n\n\t\t\t\t\t\t\t\t\t<h3 class=\"elementor-icon-box-title\">\n\t\t\t\t\t\t<span  >\n\t\t\t\t\t\t\tKontaktn\u00ed osoba\t\t\t\t\t\t<\/span>\n\t\t\t\t\t<\/h3>\n\t\t\t\t\n\t\t\t\t\t\t\t\t\t<p class=\"elementor-icon-box-description\">\n\t\t\t\t\t\tIng. Ivan Kri\u017eka\t\t\t\t\t<\/p>\n\t\t\t\t\n\t\t\t<\/div>\n\t\t\t\n\t\t<\/div>\n\t\t\t\t\t\t<\/div>\n\t\t\t\t<div class=\"elementor-element elementor-element-6073c59 elementor-position-inline-start elementor-view-default elementor-mobile-position-block-start elementor-widget elementor-widget-icon-box\" data-id=\"6073c59\" data-element_type=\"widget\" data-e-type=\"widget\" data-widget_type=\"icon-box.default\">\n\t\t\t\t\t\t\t<div class=\"elementor-icon-box-wrapper\">\n\n\t\t\t\t\t\t<div class=\"elementor-icon-box-icon\">\n\t\t\t\t<span  class=\"elementor-icon\">\n\t\t\t\t<svg aria-hidden=\"true\" class=\"e-font-icon-svg e-far-envelope\" viewBox=\"0 0 512 512\" xmlns=\"http:\/\/www.w3.org\/2000\/svg\"><path d=\"M464 64H48C21.49 64 0 85.49 0 112v288c0 26.51 21.49 48 48 48h416c26.51 0 48-21.49 48-48V112c0-26.51-21.49-48-48-48zm0 48v40.805c-22.422 18.259-58.168 46.651-134.587 106.49-16.841 13.247-50.201 45.072-73.413 44.701-23.208.375-56.579-31.459-73.413-44.701C106.18 199.465 70.425 171.067 48 152.805V112h416zM48 400V214.398c22.914 18.251 55.409 43.862 104.938 82.646 21.857 17.205 60.134 55.186 103.062 54.955 42.717.231 80.509-37.199 103.053-54.947 49.528-38.783 82.032-64.401 104.947-82.653V400H48z\"><\/path><\/svg>\t\t\t\t<\/span>\n\t\t\t<\/div>\n\t\t\t\n\t\t\t\t\t\t<div class=\"elementor-icon-box-content\">\n\n\t\t\t\t\t\t\t\t\t<h3 class=\"elementor-icon-box-title\">\n\t\t\t\t\t\t<span  >\n\t\t\t\t\t\t\tEmail\t\t\t\t\t\t<\/span>\n\t\t\t\t\t<\/h3>\n\t\t\t\t\n\t\t\t\t\t\t\t\t\t<p class=\"elementor-icon-box-description\">\n\t\t\t\t\t\tivan.krizka@unob.cz\t\t\t\t\t<\/p>\n\t\t\t\t\n\t\t\t<\/div>\n\t\t\t\n\t\t<\/div>\n\t\t\t\t\t\t<\/div>\n\t\t\t\t<div class=\"elementor-element elementor-element-4ecb0bd elementor-position-inline-start elementor-view-default elementor-mobile-position-block-start elementor-widget elementor-widget-icon-box\" data-id=\"4ecb0bd\" data-element_type=\"widget\" data-e-type=\"widget\" data-widget_type=\"icon-box.default\">\n\t\t\t\t\t\t\t<div class=\"elementor-icon-box-wrapper\">\n\n\t\t\t\t\t\t<div class=\"elementor-icon-box-icon\">\n\t\t\t\t<span  class=\"elementor-icon\">\n\t\t\t\t<svg aria-hidden=\"true\" class=\"e-font-icon-svg e-fas-phone-volume\" viewBox=\"0 0 384 512\" xmlns=\"http:\/\/www.w3.org\/2000\/svg\"><path d=\"M97.333 506.966c-129.874-129.874-129.681-340.252 0-469.933 5.698-5.698 14.527-6.632 21.263-2.422l64.817 40.513a17.187 17.187 0 0 1 6.849 20.958l-32.408 81.021a17.188 17.188 0 0 1-17.669 10.719l-55.81-5.58c-21.051 58.261-20.612 122.471 0 179.515l55.811-5.581a17.188 17.188 0 0 1 17.669 10.719l32.408 81.022a17.188 17.188 0 0 1-6.849 20.958l-64.817 40.513a17.19 17.19 0 0 1-21.264-2.422zM247.126 95.473c11.832 20.047 11.832 45.008 0 65.055-3.95 6.693-13.108 7.959-18.718 2.581l-5.975-5.726c-3.911-3.748-4.793-9.622-2.261-14.41a32.063 32.063 0 0 0 0-29.945c-2.533-4.788-1.65-10.662 2.261-14.41l5.975-5.726c5.61-5.378 14.768-4.112 18.718 2.581zm91.787-91.187c60.14 71.604 60.092 175.882 0 247.428-4.474 5.327-12.53 5.746-17.552.933l-5.798-5.557c-4.56-4.371-4.977-11.529-.93-16.379 49.687-59.538 49.646-145.933 0-205.422-4.047-4.85-3.631-12.008.93-16.379l5.798-5.557c5.022-4.813 13.078-4.394 17.552.933zm-45.972 44.941c36.05 46.322 36.108 111.149 0 157.546-4.39 5.641-12.697 6.251-17.856 1.304l-5.818-5.579c-4.4-4.219-4.998-11.095-1.285-15.931 26.536-34.564 26.534-82.572 0-117.134-3.713-4.836-3.115-11.711 1.285-15.931l5.818-5.579c5.159-4.947 13.466-4.337 17.856 1.304z\"><\/path><\/svg>\t\t\t\t<\/span>\n\t\t\t<\/div>\n\t\t\t\n\t\t\t\t\t\t<div class=\"elementor-icon-box-content\">\n\n\t\t\t\t\t\t\t\t\t<h3 class=\"elementor-icon-box-title\">\n\t\t\t\t\t\t<span  >\n\t\t\t\t\t\t\tTelefon\t\t\t\t\t\t<\/span>\n\t\t\t\t\t<\/h3>\n\t\t\t\t\n\t\t\t\t\t\t\t\t\t<p class=\"elementor-icon-box-description\">\n\t\t\t\t\t\t+420 724 605 334\t\t\t\t\t<\/p>\n\t\t\t\t\n\t\t\t<\/div>\n\t\t\t\n\t\t<\/div>\n\t\t\t\t\t\t<\/div>\n\t\t\t\t<div class=\"elementor-element elementor-element-57a65af elementor-position-inline-start elementor-view-default elementor-mobile-position-block-start elementor-widget elementor-widget-icon-box\" data-id=\"57a65af\" data-element_type=\"widget\" data-e-type=\"widget\" data-widget_type=\"icon-box.default\">\n\t\t\t\t\t\t\t<div class=\"elementor-icon-box-wrapper\">\n\n\t\t\t\t\t\t<div class=\"elementor-icon-box-icon\">\n\t\t\t\t<span  class=\"elementor-icon\">\n\t\t\t\t<svg aria-hidden=\"true\" class=\"e-font-icon-svg e-far-address-card\" viewBox=\"0 0 576 512\" xmlns=\"http:\/\/www.w3.org\/2000\/svg\"><path d=\"M528 32H48C21.5 32 0 53.5 0 80v352c0 26.5 21.5 48 48 48h480c26.5 0 48-21.5 48-48V80c0-26.5-21.5-48-48-48zm0 400H48V80h480v352zM208 256c35.3 0 64-28.7 64-64s-28.7-64-64-64-64 28.7-64 64 28.7 64 64 64zm-89.6 128h179.2c12.4 0 22.4-8.6 22.4-19.2v-19.2c0-31.8-30.1-57.6-67.2-57.6-10.8 0-18.7 8-44.8 8-26.9 0-33.4-8-44.8-8-37.1 0-67.2 25.8-67.2 57.6v19.2c0 10.6 10 19.2 22.4 19.2zM360 320h112c4.4 0 8-3.6 8-8v-16c0-4.4-3.6-8-8-8H360c-4.4 0-8 3.6-8 8v16c0 4.4 3.6 8 8 8zm0-64h112c4.4 0 8-3.6 8-8v-16c0-4.4-3.6-8-8-8H360c-4.4 0-8 3.6-8 8v16c0 4.4 3.6 8 8 8zm0-64h112c4.4 0 8-3.6 8-8v-16c0-4.4-3.6-8-8-8H360c-4.4 0-8 3.6-8 8v16c0 4.4 3.6 8 8 8z\"><\/path><\/svg>\t\t\t\t<\/span>\n\t\t\t<\/div>\n\t\t\t\n\t\t\t\t\t\t<div class=\"elementor-icon-box-content\">\n\n\t\t\t\t\t\t\t\t\t<h3 class=\"elementor-icon-box-title\">\n\t\t\t\t\t\t<span  >\n\t\t\t\t\t\t\tAdresa\t\t\t\t\t\t<\/span>\n\t\t\t\t\t<\/h3>\n\t\t\t\t\n\t\t\t\t\t\t\t\t\t<p class=\"elementor-icon-box-description\">\n\t\t\t\t\t\tUniverzita obrany<br> \nTu\u010dkova 23<br>\nBRNO \n\n\t\t\t\t\t<\/p>\n\t\t\t\t\n\t\t\t<\/div>\n\t\t\t\n\t\t<\/div>\n\t\t\t\t\t\t<\/div>\n\t\t\t\t<\/div>\n\t\t\t\t<div class=\"elementor-element elementor-element-30ba545 elementor-widget elementor-widget-google_maps\" data-id=\"30ba545\" data-element_type=\"widget\" data-e-type=\"widget\" data-widget_type=\"google_maps.default\">\n\t\t\t\t\t\t\t<div class=\"elementor-custom-embed\">\n\t\t\t<iframe loading=\"lazy\"\n\t\t\t\t\tsrc=\"https:\/\/maps.google.com\/maps?q=Brno%2C%20Tu%C4%8Dkova%20964%2F23&#038;t=m&#038;z=15&#038;output=embed&#038;iwloc=near\"\n\t\t\t\t\ttitle=\"Brno, Tu\u010dkova 964\/23\"\n\t\t\t\t\taria-label=\"Brno, Tu\u010dkova 964\/23\"\n\t\t\t><\/iframe>\n\t\t<\/div>\n\t\t\t\t\t\t<\/div>\n\t\t\t\t<\/div>\n\t\t\t\t<\/div>\n\t\t\t\t\t<\/div>\n\t\t\t\t<\/div>\n\t\t<div class=\"elementor-element elementor-element-e1870d3 e-flex e-con-boxed e-con e-parent\" data-id=\"e1870d3\" data-element_type=\"container\" data-e-type=\"container\">\n\t\t\t\t\t<div class=\"e-con-inner\">\n\t\t\t\t\t<\/div>\n\t\t\t\t<\/div>\n\t\t\t\t<\/div>\n\t\t","protected":false},"excerpt":{"rendered":"<p>\u00davod do brann\u011b-bezpe\u010dnostn\u00ed problematiky pro pedagogy V\u0160 26.-30. 1. 2026 Kurz poskytuje p\u0159ehled o bezpe\u010dnostn\u00edm syst\u00e9mu \u010cesk\u00e9 republiky, struktu\u0159e a \u00faloh\u00e1ch ozbrojen\u00fdch sil \u010cesk\u00e9 republiky, a o zaji\u0161\u0165ov\u00e1n\u00ed bezpe\u010dnosti a obrany na mezin\u00e1rodn\u00ed \u00farovni, zejm\u00e9na v r\u00e1mci Severoatlantick\u00e9 Aliance (NATO), Organizace spojen\u00fdch n\u00e1rod\u016f (OSN) a Evropsk\u00e9 unie (EU) a dal\u0161\u00edch mezin\u00e1rodn\u00edch organizac\u00edch (OECD, V4, OBSE)&#8230;.<\/p>\n","protected":false},"author":1,"featured_media":0,"parent":0,"menu_order":0,"comment_status":"closed","ping_status":"closed","template":"","meta":{"_kad_post_transparent":"","_kad_post_title":"hide","_kad_post_layout":"fullwidth","_kad_post_sidebar_id":"","_kad_post_content_style":"unboxed","_kad_post_vertical_padding":"hide","_kad_post_feature":"hide","_kad_post_feature_position":"","_kad_post_header":false,"_kad_post_footer":false,"_kad_post_classname":"","footnotes":""},"class_list":["post-186","page","type-page","status-publish","hentry"],"_links":{"self":[{"href":"https:\/\/konference.unob.cz\/pokos\/index.php\/wp-json\/wp\/v2\/pages\/186","targetHints":{"allow":["GET"]}}],"collection":[{"href":"https:\/\/konference.unob.cz\/pokos\/index.php\/wp-json\/wp\/v2\/pages"}],"about":[{"href":"https:\/\/konference.unob.cz\/pokos\/index.php\/wp-json\/wp\/v2\/types\/page"}],"author":[{"embeddable":true,"href":"https:\/\/konference.unob.cz\/pokos\/index.php\/wp-json\/wp\/v2\/users\/1"}],"replies":[{"embeddable":true,"href":"https:\/\/konference.unob.cz\/pokos\/index.php\/wp-json\/wp\/v2\/comments?post=186"}],"version-history":[{"count":76,"href":"https:\/\/konference.unob.cz\/pokos\/index.php\/wp-json\/wp\/v2\/pages\/186\/revisions"}],"predecessor-version":[{"id":282,"href":"https:\/\/konference.unob.cz\/pokos\/index.php\/wp-json\/wp\/v2\/pages\/186\/revisions\/282"}],"wp:attachment":[{"href":"https:\/\/konference.unob.cz\/pokos\/index.php\/wp-json\/wp\/v2\/media?parent=186"}],"curies":[{"name":"wp","href":"https:\/\/api.w.org\/{rel}","templated":true}]}}